{"id":65,"date":"2021-05-06T13:58:15","date_gmt":"2021-05-06T11:58:15","guid":{"rendered":"http:\/\/liad-alger.fr\/etincelle-liadoise\/?page_id=65"},"modified":"2025-11-16T16:22:11","modified_gmt":"2025-11-16T15:22:11","slug":"interviews","status":"publish","type":"page","link":"https:\/\/www.liad-alger.fr\/etincelle-liadoise\/interviews\/","title":{"rendered":"Interviews"},"content":{"rendered":"<div class=\"vce-row-container\"><div class=\"vce-row vce-row--has-col-background vce-element--has-background vce-row--col-gap-30 vce-row-no-paddings vce-row-equal-height vce-row-content--top\" data-vce-full-width=\"true\" data-vce-stretch-content=\"true\" id=\"el-fd6df974\" data-vce-do-apply=\"all el-fd6df974\"><div class=\"vce-content-background-container\"><div class=\"vce-asset-background-simple-container vce-visible-all-only vce-asset-background-simple--style-cover vce-asset-background-simple--position-center-center\"><div class=\"vce-asset-background-simple\"><div class=\"vce-asset-background-simple-item\" style=\"background-image: url('http:\/\/liad-alger.fr\/etincelle-liadoise\/wp-content\/uploads\/2021\/05\/interview.jpg');\"><\/div><\/div><\/div><\/div><div class=\"vce-row-content\" data-vce-element-content=\"true\"><div class=\"vce-col vce-element--has-background vce-col--md-auto vce-col--xs-1 vce-col--xs-last vce-col--xs-first vce-col--sm-last vce-col--sm-first vce-col--md-last vce-col--lg-last vce-col--xl-last vce-col--md-first vce-col--lg-first vce-col--xl-first\" id=\"el-486e61a0\"><div class=\"vce-col-inner\" data-vce-do-apply=\"border margin background  el-486e61a0\"><div class=\"vce-content-background-container\"><\/div><div class=\"vce-col-content\" data-vce-element-content=\"true\" data-vce-do-apply=\"padding el-486e61a0\"><div class=\"vce-google-fonts-heading vce-google-fonts-heading--align-center vce-google-fonts-heading--color-b-255-255-255--45--5C00FF--FF7200 vce-google-fonts-heading--font-family-Ubuntu\"><div id=\"el-2afb2d26\" class=\"vce-google-fonts-heading-wrapper\"><div class=\"vce-google-fonts-heading--background vce\" data-vce-do-apply=\"border background  padding margin el-2afb2d26\"><h2 class=\"vce-google-fonts-heading-inner\" style=\"font-weight: 400; font-style: normal;\">Interview<\/h2><\/div><\/div><\/div><\/div><\/div><\/div><\/div><\/div><\/div><div class=\"vce-row-container\" data-vce-boxed-width=\"true\"><div class=\"vce-row vce-row--col-gap-30 vce-row-equal-height vce-row-content--top\" id=\"el-3accde30\" data-vce-do-apply=\"all el-3accde30\"><div class=\"vce-content-background-container\"><\/div><div class=\"vce-row-content\" data-vce-element-content=\"true\"><div class=\"vce-col vce-col--md-auto vce-col--xs-1 vce-col--xs-last vce-col--xs-first vce-col--sm-last vce-col--sm-first vce-col--md-last vce-col--lg-last vce-col--xl-last vce-col--md-first vce-col--lg-first vce-col--xl-first\" id=\"el-ad79bf16\"><div class=\"vce-col-inner\" data-vce-do-apply=\"border margin background  el-ad79bf16\"><div class=\"vce-col-content\" data-vce-element-content=\"true\" data-vce-do-apply=\"padding el-ad79bf16\"><div class=\"vce-posts-grid-container vce-post-grid-with-hover-button-container\" style=\"--gapPx: 10px; --columns: 3; --paginationColor: #e2e2e2; --paginationActiveColor: #E0BAA0; --paginationHoverColor: #d6d6d6; --paginationActiveHoverColor: #d5b098;\"><div class=\"vce vce-posts-grid-wrapper\" id=\"el-d259d78a\" data-vce-do-apply=\"all el-d259d78a\"><div class=\"vce-posts-grid-list\"><div class=\"vce-posts-grid-item\"><div class=\"vce-post-description vce-post-description--full\" style=\"--authorColor:#393939;--buttonOverlayPaddingPx:8px;--dateColor:#D7DFE4;--imageOverlayBackground:#00000066;--titleColor:rgb(0, 97, 160);--excerptColor:#6A6A6A\"><a href=\"https:\/\/www.liad-alger.fr\/etincelle-liadoise\/qui-est-khaled-drareni\/\" class=\"vce-post-grid-with-hover-button--link\" aria-label=\"Qui est Khaled Drareni ?\"><\/a><div class=\"vce-post-grid-with-hover-button--image vce-post-grid-with-hover-button-aspect-ratio--1-1\" style=\"background-image:url(https:\/\/www.liad-alger.fr\/etincelle-liadoise\/wp-content\/uploads\/2024\/05\/IMG_0494-scaled.jpg)\"><div class=\"vce-post-grid-with-hover-button--image-overlay vce-post-grid-with-hover-button--image-overlay-position-center-center\"><div class=\"vce-button--style-outline-container vce-button--style-outline-container--align-left\"><span class=\"vce-button--style-outline-wrapper vce\" id=\"el-d18bd875\" data-vce-do-apply=\"margin el-d18bd875\"><button class=\"vce-button vce-button--style-outline-animated vce-button--style-outline--border-square vce-button--style-outline--size-medium vce-button--style-outline-animated--color-fff--fff--3d3d3d vce-button--style-outline-animated--border-color-fff--3d3d3d vce-button--style-outline-animated--background-color-3d3d3d\" data-vce-do-apply=\"padding border background  el-d18bd875\"><span class=\"vce-button--style-outline-text\">Lire Plus <\/span><\/button><\/span><\/div><\/div><\/div><div class=\"vce-post-grid-with-hover-button-description vce-post-grid-with-hover-button-description-position--left\"><span class=\"vce-post-grid-with-hover-button-date\">2024-05-21 22:52:04<\/span><h3 class=\"vce-post-grid-with-hover-button-title\">Qui est Khaled Drareni ?<\/h3><div class=\"vce-post-description--excerpt\"><p>Le 18 mars 2024, \u00e0 l\u2019occasion de la Semaine de la presse, Selma Dahmani, Youcef El Hussein Faraoun et Souka\u00efna Fiat, membres de l&rsquo;\u00c9tincelle Liadoise, ont \u00e9t\u00e9 invit\u00e9s \u00e0 faire la rencontre de Khaled Drareni, journaliste depuis 2006, et \u00e0 l\u2019heure actuelle repr\u00e9sentant de l&rsquo;ONG Reporters sans fronti\u00e8res pour l&rsquo;Afrique du Nord.Vous ne le connaissez&hellip;<\/p>\n<\/div>\n<\/div><\/div><\/div><div class=\"vce-posts-grid-item\"><div class=\"vce-post-description vce-post-description--full\" style=\"--authorColor:#393939;--buttonOverlayPaddingPx:8px;--dateColor:#D7DFE4;--imageOverlayBackground:#00000066;--titleColor:rgb(0, 97, 160);--excerptColor:#6A6A6A\"><a href=\"https:\/\/www.liad-alger.fr\/etincelle-liadoise\/salon-international-du-livre-dalger-a-la-rencontre-de-rachida-brakni\/\" class=\"vce-post-grid-with-hover-button--link\" aria-label=\"SALON INTERNATIONAL DU LIVRE D\u2019ALGER : \u00c0 LA RENCONTRE DE RACHIDA BRAKNI !\"><\/a><div class=\"vce-post-grid-with-hover-button--image vce-post-grid-with-hover-button-aspect-ratio--1-1\" style=\"background-image:url(https:\/\/www.liad-alger.fr\/etincelle-liadoise\/wp-content\/uploads\/2024\/03\/IMG_3866.jpeg)\"><div class=\"vce-post-grid-with-hover-button--image-overlay vce-post-grid-with-hover-button--image-overlay-position-center-center\"><div class=\"vce-button--style-outline-container vce-button--style-outline-container--align-left\"><span class=\"vce-button--style-outline-wrapper vce\" id=\"el-d18bd875\" data-vce-do-apply=\"margin el-d18bd875\"><button class=\"vce-button vce-button--style-outline-animated vce-button--style-outline--border-square vce-button--style-outline--size-medium vce-button--style-outline-animated--color-fff--fff--3d3d3d vce-button--style-outline-animated--border-color-fff--3d3d3d vce-button--style-outline-animated--background-color-3d3d3d\" data-vce-do-apply=\"padding border background  el-d18bd875\"><span class=\"vce-button--style-outline-text\">Lire Plus <\/span><\/button><\/span><\/div><\/div><\/div><div class=\"vce-post-grid-with-hover-button-description vce-post-grid-with-hover-button-description-position--left\"><span class=\"vce-post-grid-with-hover-button-date\">2024-03-27 08:54:51<\/span><h3 class=\"vce-post-grid-with-hover-button-title\">SALON INTERNATIONAL DU LIVRE D\u2019ALGER : \u00c0 LA RENCONTRE DE RACHIDA BRAKNI !<\/h3><div class=\"vce-post-description--excerpt\"><p>&nbsp;Dans le cadre du salon international du livre d\u2019Alger, le LIAD eut la chance de recevoir plusieurs personnalit\u00e9s remarquables dans le monde de la litt\u00e9rature contemporaine.&nbsp; &nbsp; C\u2019est dans cette dynamique que trois membres de l\u2019\u00e9tincelle Liadoise : Dalia Ouerdane, Noor Abdi et Lisa Bouslimani, document\u00e8rent leur rencontre avec la c\u00e9l\u00e8bre Rachida Brakni. &nbsp; Rachida&hellip;<\/p>\n<\/div>\n<\/div><\/div><\/div><div class=\"vce-posts-grid-item\"><div class=\"vce-post-description vce-post-description--full\" style=\"--authorColor:#393939;--buttonOverlayPaddingPx:8px;--dateColor:#D7DFE4;--imageOverlayBackground:#00000066;--titleColor:rgb(0, 97, 160);--excerptColor:#6A6A6A\"><a href=\"https:\/\/www.liad-alger.fr\/etincelle-liadoise\/interview-de-zafira-ouartsi-directrice-dartissimo\/\" class=\"vce-post-grid-with-hover-button--link\" aria-label=\"Interview de Zafira Ouartsi, directrice d'Artissimo\"><\/a><div class=\"vce-post-grid-with-hover-button--image vce-post-grid-with-hover-button-aspect-ratio--1-1\" style=\"background-image:url(https:\/\/www.liad-alger.fr\/etincelle-liadoise\/wp-content\/uploads\/2021\/07\/OIP.jpeg)\"><div class=\"vce-post-grid-with-hover-button--image-overlay vce-post-grid-with-hover-button--image-overlay-position-center-center\"><div class=\"vce-button--style-outline-container vce-button--style-outline-container--align-left\"><span class=\"vce-button--style-outline-wrapper vce\" id=\"el-d18bd875\" data-vce-do-apply=\"margin el-d18bd875\"><button class=\"vce-button vce-button--style-outline-animated vce-button--style-outline--border-square vce-button--style-outline--size-medium vce-button--style-outline-animated--color-fff--fff--3d3d3d vce-button--style-outline-animated--border-color-fff--3d3d3d vce-button--style-outline-animated--background-color-3d3d3d\" data-vce-do-apply=\"padding border background  el-d18bd875\"><span class=\"vce-button--style-outline-text\">Lire Plus <\/span><\/button><\/span><\/div><\/div><\/div><div class=\"vce-post-grid-with-hover-button-description vce-post-grid-with-hover-button-description-position--left\"><span class=\"vce-post-grid-with-hover-button-date\">2023-10-06 14:00:08<\/span><h3 class=\"vce-post-grid-with-hover-button-title\">Interview de Zafira Ouartsi, directrice d'Artissimo<\/h3><div class=\"vce-post-description--excerpt\"><p>Interview de Zafira Ouartsi, directrice d&rsquo;Artissimo.Bonjour, merci d&rsquo;avoir accept\u00e9 l&rsquo;interview. Est-ce que vous pouvez vous pr\u00e9senter s&rsquo;il vous pla\u00eet ?Je m&rsquo;appelle Zafira Ouartsi, je suis la fondatrice et directrice d&rsquo;Artissimo.&nbsp;Pouvez-vous nous parler de votre parcours ?Je suis avocate de formation, mais apr\u00e8s avoir pass\u00e9 mon dipl\u00f4me j&rsquo;ai cr\u00e9\u00e9 Artissimo en janvier 2000 en pensant pouvoir&hellip;<\/p>\n<\/div>\n<\/div><\/div><\/div><div class=\"vce-posts-grid-item\"><div class=\"vce-post-description vce-post-description--full\" style=\"--authorColor:#393939;--buttonOverlayPaddingPx:8px;--dateColor:#D7DFE4;--imageOverlayBackground:#00000066;--titleColor:rgb(0, 97, 160);--excerptColor:#6A6A6A\"><a href=\"https:\/\/www.liad-alger.fr\/etincelle-liadoise\/interview-douerdia-ousmer-creatrice-du-podcast-eclosion\/\" class=\"vce-post-grid-with-hover-button--link\" aria-label=\"Interview de Ouerdia Ousmer, co-cr\u00e9atrice du podcast \"\u00c9closion\".\"><\/a><div class=\"vce-post-grid-with-hover-button--image vce-post-grid-with-hover-button-aspect-ratio--1-1\" style=\"background-image:url(https:\/\/www.liad-alger.fr\/etincelle-liadoise\/wp-content\/uploads\/2022\/03\/Interview-3.jpg)\"><div class=\"vce-post-grid-with-hover-button--image-overlay vce-post-grid-with-hover-button--image-overlay-position-center-center\"><div class=\"vce-button--style-outline-container vce-button--style-outline-container--align-left\"><span class=\"vce-button--style-outline-wrapper vce\" id=\"el-d18bd875\" data-vce-do-apply=\"margin el-d18bd875\"><button class=\"vce-button vce-button--style-outline-animated vce-button--style-outline--border-square vce-button--style-outline--size-medium vce-button--style-outline-animated--color-fff--fff--3d3d3d vce-button--style-outline-animated--border-color-fff--3d3d3d vce-button--style-outline-animated--background-color-3d3d3d\" data-vce-do-apply=\"padding border background  el-d18bd875\"><span class=\"vce-button--style-outline-text\">Lire Plus <\/span><\/button><\/span><\/div><\/div><\/div><div class=\"vce-post-grid-with-hover-button-description vce-post-grid-with-hover-button-description-position--left\"><span class=\"vce-post-grid-with-hover-button-date\">2022-03-01 15:47:07<\/span><h3 class=\"vce-post-grid-with-hover-button-title\">Interview de Ouerdia Ousmer, co-cr\u00e9atrice du podcast \"\u00c9closion\".<\/h3><div class=\"vce-post-description--excerpt\"><p>Interview de Ouerdia Ousmer, co-cr\u00e9atrice du podcast \u00ab\u00a0\u00c9closion\u00a0\u00bb.Merci beaucoup d&rsquo;avoir accept\u00e9 cet entretien, je suis s\u00fbr que cela sera tr\u00e8s constructif pour nos lecteurs. Est-ce que vous pouvez vous pr\u00e9senter ? Je m&rsquo;appelle Ouerdia Ousmer, j&rsquo;ai 32 ans. J&rsquo;aime \u00e0 dire que je suis une communicante intens\u00e9ment passionn\u00e9e : je travaille en agence de communication.&hellip;<\/p>\n<\/div>\n<\/div><\/div><\/div><div class=\"vce-posts-grid-item\"><div class=\"vce-post-description vce-post-description--full\" style=\"--authorColor:#393939;--buttonOverlayPaddingPx:8px;--dateColor:#D7DFE4;--imageOverlayBackground:#00000066;--titleColor:rgb(0, 97, 160);--excerptColor:#6A6A6A\"><a href=\"https:\/\/www.liad-alger.fr\/etincelle-liadoise\/interview-de-lambassadeur-de-france\/\" class=\"vce-post-grid-with-hover-button--link\" aria-label=\"Interview de l'ambassadeur de France, monsieur Fran\u00e7ois Gouyette.\"><\/a><div class=\"vce-post-grid-with-hover-button--image vce-post-grid-with-hover-button-aspect-ratio--1-1\" style=\"background-image:url(https:\/\/www.liad-alger.fr\/etincelle-liadoise\/wp-content\/uploads\/2021\/08\/IMG_9802.jpg)\"><div class=\"vce-post-grid-with-hover-button--image-overlay vce-post-grid-with-hover-button--image-overlay-position-center-center\"><div class=\"vce-button--style-outline-container vce-button--style-outline-container--align-left\"><span class=\"vce-button--style-outline-wrapper vce\" id=\"el-d18bd875\" data-vce-do-apply=\"margin el-d18bd875\"><button class=\"vce-button vce-button--style-outline-animated vce-button--style-outline--border-square vce-button--style-outline--size-medium vce-button--style-outline-animated--color-fff--fff--3d3d3d vce-button--style-outline-animated--border-color-fff--3d3d3d vce-button--style-outline-animated--background-color-3d3d3d\" data-vce-do-apply=\"padding border background  el-d18bd875\"><span class=\"vce-button--style-outline-text\">Lire Plus <\/span><\/button><\/span><\/div><\/div><\/div><div class=\"vce-post-grid-with-hover-button-description vce-post-grid-with-hover-button-description-position--left\"><span class=\"vce-post-grid-with-hover-button-date\">2021-08-21 19:49:37<\/span><h3 class=\"vce-post-grid-with-hover-button-title\">Interview de l'ambassadeur de France, monsieur Fran\u00e7ois Gouyette.<\/h3><div class=\"vce-post-description--excerpt\"><p>Interview de l&rsquo;ambassadeur de France, monsieur Fran\u00e7ois Gouyette.Pour commencer est ce que vous pouvez vous pr\u00e9senter bri\u00e8vement pour les \u00e9l\u00e8ves qui ne vous connaissent pas ?&nbsp; &nbsp; &nbsp;Je suis ambassadeur de France en Alg\u00e9rie depuis le 27 septembre dernier. J\u2019ai commenc\u00e9 ma carri\u00e8re diplomatique en 1981, il y a exactement 40 ans, en Libye. &nbsp;&hellip;<\/p>\n<\/div>\n<\/div><\/div><\/div><\/div><\/div><\/div><\/div><\/div><\/div><\/div><\/div><\/div><div class=\"vce-row-container\" data-vce-boxed-width=\"true\"><div class=\"vce-row vce-row--col-gap-30 vce-row-equal-height vce-row-content--top\" id=\"el-8fb322cf\" data-vce-do-apply=\"all el-8fb322cf\"><div class=\"vce-row-content\" data-vce-element-content=\"true\"><div class=\"vce-col vce-col--md-auto vce-col--xs-1 vce-col--xs-last vce-col--xs-first vce-col--sm-last vce-col--sm-first vce-col--md-last vce-col--lg-last vce-col--xl-last vce-col--md-first vce-col--lg-first vce-col--xl-first\" id=\"el-19f4a35a\"><div class=\"vce-col-inner\" data-vce-do-apply=\"border margin background  el-19f4a35a\"><div class=\"vce-col-content\" data-vce-element-content=\"true\" data-vce-do-apply=\"padding el-19f4a35a\"><div class=\"vcv-row-control-wrapper\"><\/div><\/div><\/div><\/div><\/div><\/div><\/div>\n","protected":false},"excerpt":{"rendered":"<p>Interview<\/p>\n","protected":false},"author":1,"featured_media":0,"parent":0,"menu_order":0,"comment_status":"closed","ping_status":"closed","template":"","meta":{"_acf_changed":false,"footnotes":""},"class_list":["post-65","page","type-page","status-publish","hentry"],"acf":[],"_links":{"self":[{"href":"https:\/\/www.liad-alger.fr\/etincelle-liadoise\/wp-json\/wp\/v2\/pages\/65","targetHints":{"allow":["GET"]}}],"collection":[{"href":"https:\/\/www.liad-alger.fr\/etincelle-liadoise\/wp-json\/wp\/v2\/pages"}],"about":[{"href":"https:\/\/www.liad-alger.fr\/etincelle-liadoise\/wp-json\/wp\/v2\/types\/page"}],"author":[{"embeddable":true,"href":"https:\/\/www.liad-alger.fr\/etincelle-liadoise\/wp-json\/wp\/v2\/users\/1"}],"replies":[{"embeddable":true,"href":"https:\/\/www.liad-alger.fr\/etincelle-liadoise\/wp-json\/wp\/v2\/comments?post=65"}],"version-history":[{"count":7,"href":"https:\/\/www.liad-alger.fr\/etincelle-liadoise\/wp-json\/wp\/v2\/pages\/65\/revisions"}],"predecessor-version":[{"id":2181,"href":"https:\/\/www.liad-alger.fr\/etincelle-liadoise\/wp-json\/wp\/v2\/pages\/65\/revisions\/2181"}],"wp:attachment":[{"href":"https:\/\/www.liad-alger.fr\/etincelle-liadoise\/wp-json\/wp\/v2\/media?parent=65"}],"curies":[{"name":"wp","href":"https:\/\/api.w.org\/{rel}","templated":true}]}}