{"id":554,"date":"2021-07-26T23:49:46","date_gmt":"2021-07-26T22:49:46","guid":{"rendered":"https:\/\/www.liad-alger.fr\/etincelle-liadoise\/?page_id=554"},"modified":"2025-11-16T16:21:48","modified_gmt":"2025-11-16T15:21:48","slug":"engagement","status":"publish","type":"page","link":"https:\/\/www.liad-alger.fr\/etincelle-liadoise\/engagement\/","title":{"rendered":""},"content":{"rendered":"<div class=\"vce-row-container\"><div class=\"vce-row vce-row--has-col-background vce-element--has-background vce-row--col-gap-30 vce-row-no-paddings vce-row-equal-height vce-row-content--top\" data-vce-full-width=\"true\" data-vce-stretch-content=\"true\" id=\"el-5579e40f\" data-vce-do-apply=\"all el-5579e40f\"><div class=\"vce-content-background-container\"><div class=\"vce-asset-background-simple-container vce-visible-all-only vce-asset-background-simple--style-cover vce-asset-background-simple--position-center-top\"><div class=\"vce-asset-background-simple\"><div class=\"vce-asset-background-simple-item\" style=\"background-image: url('https:\/\/www.liad-alger.fr\/etincelle-liadoise\/wp-content\/uploads\/2021\/08\/istockphoto-1249587806-612x612-1-e1628108105476.jpg');\"><\/div><div class=\"vce-asset-background-simple-item\" style=\"background-image: url('https:\/\/www.liad-alger.fr\/etincelle-liadoise\/wp-content\/uploads\/2023\/10\/R.jpeg');\"><\/div><\/div><\/div><\/div><div class=\"vce-row-content\" data-vce-element-content=\"true\"><div class=\"vce-col vce-element--has-background vce-col--md-auto vce-col--xs-1 vce-col--xs-last vce-col--xs-first vce-col--sm-last vce-col--sm-first vce-col--md-last vce-col--lg-last vce-col--xl-last vce-col--md-first vce-col--lg-first vce-col--xl-first\" id=\"el-0199d839\"><div class=\"vce-col-inner\" data-vce-do-apply=\"border margin background  el-0199d839\"><div class=\"vce-content-background-container\"><\/div><div class=\"vce-col-content\" data-vce-element-content=\"true\" data-vce-do-apply=\"padding el-0199d839\"><div class=\"vce-row-container\"><div class=\"vce-row vce-row--col-gap-30 vce-row-no-paddings vce-row-equal-height vce-row-content--top\" data-vce-full-width=\"true\" data-vce-stretch-content=\"true\" id=\"el-7b649047\" data-vce-do-apply=\"all el-7b649047\"><div class=\"vce-row-content\" data-vce-element-content=\"true\"><div class=\"vce-col vce-col--md-auto vce-col--xs-1 vce-col--xs-last vce-col--xs-first vce-col--sm-last vce-col--sm-first vce-col--md-last vce-col--lg-last vce-col--xl-last vce-col--md-first vce-col--lg-first vce-col--xl-first\" id=\"el-30c64f7c\"><div class=\"vce-col-inner\" data-vce-do-apply=\"border margin background  el-30c64f7c\"><div class=\"vce-col-content\" data-vce-element-content=\"true\" data-vce-do-apply=\"padding el-30c64f7c\"><div class=\"vce-google-fonts-heading vce-google-fonts-heading--align-center vce-google-fonts-heading--color-b-255-255-255--45--5C00FF--FF7200 vce-google-fonts-heading--font-family-Ubuntu\"><div id=\"el-61bf5174\" class=\"vce-google-fonts-heading-wrapper\"><div class=\"vce-google-fonts-heading--background vce\" data-vce-do-apply=\"border background  padding margin el-61bf5174\"><h2 class=\"vce-google-fonts-heading-inner\" style=\"font-weight: 400; font-style: normal;\">Engagement<\/h2><\/div><\/div><\/div><\/div><\/div><\/div><\/div><\/div><\/div><\/div><\/div><\/div><\/div><\/div><\/div><div class=\"vce-row-container\" data-vce-boxed-width=\"true\"><div class=\"vce-row vce-row--col-gap-30 vce-row-equal-height vce-row-content--top\" id=\"el-834c73de\" data-vce-do-apply=\"all el-834c73de\"><div class=\"vce-row-content\" data-vce-element-content=\"true\"><div class=\"vce-col vce-col--md-auto vce-col--xs-1 vce-col--xs-last vce-col--xs-first vce-col--sm-last vce-col--sm-first vce-col--md-last vce-col--lg-last vce-col--xl-last vce-col--md-first vce-col--lg-first vce-col--xl-first\" id=\"el-7dca247d\"><div class=\"vce-col-inner\" data-vce-do-apply=\"border margin background  el-7dca247d\"><div class=\"vce-col-content\" data-vce-element-content=\"true\" data-vce-do-apply=\"padding el-7dca247d\"><div class=\"vce-posts-grid-container vce-post-grid-with-hover-button-container\" style=\"--gapPx: 10px; --columns: 3; --paginationColor: #e2e2e2; --paginationActiveColor: #E0BAA0; --paginationHoverColor: #d6d6d6; --paginationActiveHoverColor: #d5b098;\"><div class=\"vce vce-posts-grid-wrapper\" id=\"el-0f77f0ac\" data-vce-do-apply=\"all el-0f77f0ac\"><div class=\"vce-posts-grid-list\"><div class=\"vce-posts-grid-item\"><div class=\"vce-post-description vce-post-description--full\" style=\"--authorColor:#393939;--buttonOverlayPaddingPx:8px;--dateColor:#D7DFE4;--imageOverlayBackground:#00000066;--titleColor:rgb(0, 97, 160);--excerptColor:#6A6A6A\"><a href=\"https:\/\/www.liad-alger.fr\/etincelle-liadoise\/chaque-enfant-compte-grandir-refugie-dans-les-camps-sahraouis-de-tindouf\/\" class=\"vce-post-grid-with-hover-button--link\" aria-label=\"Chaque enfant compte : grandir r\u00e9fugi\u00e9 dans les camps sahraouis de Tindouf\"><\/a><div class=\"vce-post-grid-with-hover-button--image vce-post-grid-with-hover-button-aspect-ratio--4-3\" style=\"background-image:url(https:\/\/www.liad-alger.fr\/etincelle-liadoise\/wp-content\/uploads\/2026\/04\/IMG_7766.jpeg)\"><div class=\"vce-post-grid-with-hover-button--image-overlay vce-post-grid-with-hover-button--image-overlay-position-center-center\"><div class=\"vce-button--style-outline-container vce-button--style-outline-container--align-left\"><span class=\"vce-button--style-outline-wrapper vce\" id=\"el-0df1d1a7\" data-vce-do-apply=\"margin el-0df1d1a7\"><button class=\"vce-button vce-button--style-outline-animated vce-button--style-outline--border-square vce-button--style-outline--size-medium vce-button--style-outline-animated--color-fff--fff--3d3d3d vce-button--style-outline-animated--border-color-fff--3d3d3d vce-button--style-outline-animated--background-color-3d3d3d\" data-vce-do-apply=\"padding border background  el-0df1d1a7\"><span class=\"vce-button--style-outline-text\">Lire plus<\/span><\/button><\/span><\/div><\/div><\/div><div class=\"vce-post-grid-with-hover-button-description vce-post-grid-with-hover-button-description-position--left\"><span class=\"vce-post-grid-with-hover-button-date\">2026-04-14 20:02:14<\/span><h3 class=\"vce-post-grid-with-hover-button-title\">Chaque enfant compte : grandir r\u00e9fugi\u00e9 dans les camps sahraouis de Tindouf<\/h3><div class=\"vce-post-description--excerpt\"><p>\u00a0\u00a0\u00a0Dans le sud-ouest alg\u00e9rien, \u00e0 quelques centaines de kilom\u00e8tres de la fronti\u00e8re marocaine, s&rsquo;\u00e9tendent les camps de Tindouf. Depuis pr\u00e8s de cinq d\u00e9cennies, ils abritent une population de r\u00e9fugi\u00e9s sahraouis, fuyant leur pays de la guerre, estim\u00e9e \u00e0 environ 173 600 personnes\u00a0 dont une grande partie sont des enfants, n\u00e9s sur place, qui n&rsquo;ont jamais&hellip;<\/p>\n<\/div>\n<\/div><\/div><\/div><div class=\"vce-posts-grid-item\"><div class=\"vce-post-description vce-post-description--full\" style=\"--authorColor:#393939;--buttonOverlayPaddingPx:8px;--dateColor:#D7DFE4;--imageOverlayBackground:#00000066;--titleColor:rgb(0, 97, 160);--excerptColor:#6A6A6A\"><a href=\"https:\/\/www.liad-alger.fr\/etincelle-liadoise\/le-pouvoir-des-couleurs-sur-nos-emotions\/\" class=\"vce-post-grid-with-hover-button--link\" aria-label=\"Le paradoxe de la masculinit\u00e9 performative\"><\/a><div class=\"vce-post-grid-with-hover-button--image vce-post-grid-with-hover-button-aspect-ratio--4-3\" style=\"background-image:url(https:\/\/www.liad-alger.fr\/etincelle-liadoise\/wp-content\/uploads\/2026\/04\/Green-and-Beige-Simple-Elegant-Fashion-Article-Page-A4-Document-2-glissees-pdf.jpg)\"><div class=\"vce-post-grid-with-hover-button--image-overlay vce-post-grid-with-hover-button--image-overlay-position-center-center\"><div class=\"vce-button--style-outline-container vce-button--style-outline-container--align-left\"><span class=\"vce-button--style-outline-wrapper vce\" id=\"el-0df1d1a7\" data-vce-do-apply=\"margin el-0df1d1a7\"><button class=\"vce-button vce-button--style-outline-animated vce-button--style-outline--border-square vce-button--style-outline--size-medium vce-button--style-outline-animated--color-fff--fff--3d3d3d vce-button--style-outline-animated--border-color-fff--3d3d3d vce-button--style-outline-animated--background-color-3d3d3d\" data-vce-do-apply=\"padding border background  el-0df1d1a7\"><span class=\"vce-button--style-outline-text\">Lire plus<\/span><\/button><\/span><\/div><\/div><\/div><div class=\"vce-post-grid-with-hover-button-description vce-post-grid-with-hover-button-description-position--left\"><span class=\"vce-post-grid-with-hover-button-date\">2026-04-01 12:22:04<\/span><h3 class=\"vce-post-grid-with-hover-button-title\">Le paradoxe de la masculinit\u00e9 performative<\/h3><div class=\"vce-post-description--excerpt\"><p>D\u00e8s son apparition sur les r\u00e9seaux sociaux, une \u00ab\u00a0nouvelle figure masculine attise les moqueries : le performative male\u00a0\u00bb. C&rsquo;est un homme qui semble afficher une personnalit\u00e9 tr\u00e8s f\u00e9ministe alors qu&rsquo;il ne la poss\u00e9de pas r\u00e9ellement. Dans certains cercles, l&rsquo;image s&rsquo;est si largement diffus\u00e9e qu&rsquo;elle a donn\u00e9 naissance \u00e0 des \u00ab\u00a0performative male competitions\u00a0\u00bb et \u00e0 de&hellip;<\/p>\n<\/div>\n<\/div><\/div><\/div><div class=\"vce-posts-grid-item\"><div class=\"vce-post-description vce-post-description--full\" style=\"--authorColor:#393939;--buttonOverlayPaddingPx:8px;--dateColor:#D7DFE4;--imageOverlayBackground:#00000066;--titleColor:rgb(0, 97, 160);--excerptColor:#6A6A6A\"><a href=\"https:\/\/www.liad-alger.fr\/etincelle-liadoise\/la-fast-fashion-en-declin-vers-une-mode-plus-responsable\/\" class=\"vce-post-grid-with-hover-button--link\" aria-label=\"La fast fashion en d\u00e9clin : vers une mode plus responsable ?\"><\/a><div class=\"vce-post-grid-with-hover-button--image vce-post-grid-with-hover-button-aspect-ratio--4-3\" style=\"background-image:url(https:\/\/www.liad-alger.fr\/etincelle-liadoise\/wp-content\/uploads\/2026\/03\/fast-fashion.jpeg)\"><div class=\"vce-post-grid-with-hover-button--image-overlay vce-post-grid-with-hover-button--image-overlay-position-center-center\"><div class=\"vce-button--style-outline-container vce-button--style-outline-container--align-left\"><span class=\"vce-button--style-outline-wrapper vce\" id=\"el-0df1d1a7\" data-vce-do-apply=\"margin el-0df1d1a7\"><button class=\"vce-button vce-button--style-outline-animated vce-button--style-outline--border-square vce-button--style-outline--size-medium vce-button--style-outline-animated--color-fff--fff--3d3d3d vce-button--style-outline-animated--border-color-fff--3d3d3d vce-button--style-outline-animated--background-color-3d3d3d\" data-vce-do-apply=\"padding border background  el-0df1d1a7\"><span class=\"vce-button--style-outline-text\">Lire plus<\/span><\/button><\/span><\/div><\/div><\/div><div class=\"vce-post-grid-with-hover-button-description vce-post-grid-with-hover-button-description-position--left\"><span class=\"vce-post-grid-with-hover-button-date\">2026-03-30 22:45:29<\/span><h3 class=\"vce-post-grid-with-hover-button-title\">La fast fashion en d\u00e9clin : vers une mode plus responsable ?<\/h3><div class=\"vce-post-description--excerpt\"><p>Depuis les ann\u00e9es 2000, la fast fashion, terme d\u00e9signant la production de masse dans la mode, a envahi nos garde-robes avec des v\u00eatements produits en un temps record et vendus \u00e0 bas prix. Mais derri\u00e8re cette industrie florissante se cachent des impacts environnementaux et humains pr\u00e9occupants. Face \u00e0 cette r\u00e9alit\u00e9, de plus en plus de&hellip;<\/p>\n<\/div>\n<\/div><\/div><\/div><div class=\"vce-posts-grid-item\"><div class=\"vce-post-description vce-post-description--full\" style=\"--authorColor:#393939;--buttonOverlayPaddingPx:8px;--dateColor:#D7DFE4;--imageOverlayBackground:#00000066;--titleColor:rgb(0, 97, 160);--excerptColor:#6A6A6A\"><a href=\"https:\/\/www.liad-alger.fr\/etincelle-liadoise\/recapitulatif-situation-en-iran\/\" class=\"vce-post-grid-with-hover-button--link\" aria-label=\"R\u00e9capitulatif situation en Iran\"><\/a><div class=\"vce-post-grid-with-hover-button--image vce-post-grid-with-hover-button-aspect-ratio--4-3\" style=\"background-image:url(https:\/\/www.liad-alger.fr\/etincelle-liadoise\/wp-content\/uploads\/2023\/03\/1.png)\"><div class=\"vce-post-grid-with-hover-button--image-overlay vce-post-grid-with-hover-button--image-overlay-position-center-center\"><div class=\"vce-button--style-outline-container vce-button--style-outline-container--align-left\"><span class=\"vce-button--style-outline-wrapper vce\" id=\"el-0df1d1a7\" data-vce-do-apply=\"margin el-0df1d1a7\"><button class=\"vce-button vce-button--style-outline-animated vce-button--style-outline--border-square vce-button--style-outline--size-medium vce-button--style-outline-animated--color-fff--fff--3d3d3d vce-button--style-outline-animated--border-color-fff--3d3d3d vce-button--style-outline-animated--background-color-3d3d3d\" data-vce-do-apply=\"padding border background  el-0df1d1a7\"><span class=\"vce-button--style-outline-text\">Lire plus<\/span><\/button><\/span><\/div><\/div><\/div><div class=\"vce-post-grid-with-hover-button-description vce-post-grid-with-hover-button-description-position--left\"><span class=\"vce-post-grid-with-hover-button-date\">2023-03-19 09:13:44<\/span><h3 class=\"vce-post-grid-with-hover-button-title\">R\u00e9capitulatif situation en Iran<\/h3><div class=\"vce-post-description--excerpt\"><p>&nbsp;&nbsp;&nbsp;Stigmatis\u00e9es depuis 1979, les Iraniennes montrent qu\u2019elles sont les forces vives du pays. En effet, en Iran depuis le d\u00e9c\u00e8s de Mahsa Amini tu\u00e9e par la police des m\u0153urs et malgr\u00e9 la r\u00e9pression, les manifestations s&rsquo;encha\u00eenent dans le pays. Dans la foule des femmes br\u00fblent leur voiles du Kurdistan \u00e0 T\u00e9h\u00e9ran et la col\u00e8re ne&hellip;<\/p>\n<\/div>\n<\/div><\/div><\/div><div class=\"vce-posts-grid-item\"><div class=\"vce-post-description vce-post-description--full\" style=\"--authorColor:#393939;--buttonOverlayPaddingPx:8px;--dateColor:#D7DFE4;--imageOverlayBackground:#00000066;--titleColor:rgb(0, 97, 160);--excerptColor:#6A6A6A\"><a href=\"https:\/\/www.liad-alger.fr\/etincelle-liadoise\/le-grand-enjeu-ecologique\/\" class=\"vce-post-grid-with-hover-button--link\" aria-label=\"Le Grand Enjeu \u00e9cologique\"><\/a><div class=\"vce-post-grid-with-hover-button--image vce-post-grid-with-hover-button-aspect-ratio--4-3\" style=\"background-image:url(https:\/\/www.liad-alger.fr\/etincelle-liadoise\/wp-content\/uploads\/2021\/12\/unnamed-1.jpg)\"><div class=\"vce-post-grid-with-hover-button--image-overlay vce-post-grid-with-hover-button--image-overlay-position-center-center\"><div class=\"vce-button--style-outline-container vce-button--style-outline-container--align-left\"><span class=\"vce-button--style-outline-wrapper vce\" id=\"el-0df1d1a7\" data-vce-do-apply=\"margin el-0df1d1a7\"><button class=\"vce-button vce-button--style-outline-animated vce-button--style-outline--border-square vce-button--style-outline--size-medium vce-button--style-outline-animated--color-fff--fff--3d3d3d vce-button--style-outline-animated--border-color-fff--3d3d3d vce-button--style-outline-animated--background-color-3d3d3d\" data-vce-do-apply=\"padding border background  el-0df1d1a7\"><span class=\"vce-button--style-outline-text\">Lire plus<\/span><\/button><\/span><\/div><\/div><\/div><div class=\"vce-post-grid-with-hover-button-description vce-post-grid-with-hover-button-description-position--left\"><span class=\"vce-post-grid-with-hover-button-date\">2021-12-09 19:51:50<\/span><h3 class=\"vce-post-grid-with-hover-button-title\">Le Grand Enjeu \u00e9cologique<\/h3><div class=\"vce-post-description--excerpt\"><p>Le Grand Enjeu \u00e9cologique&nbsp; &nbsp; Avez-vous remarqu\u00e9 que nous, qui sommes n\u00e9s apr\u00e8s les ann\u00e9es 2000, sommes constamment expos\u00e9s aux diverses sensibilisations \u00e0 l\u2019\u00e9cologie ?&nbsp; &nbsp; &nbsp;Qu\u2019on nous rab\u00e2che sans cesse que l\u2019\u00e9cologie est un sujet important de notre actualit\u00e9 ? Qu\u2019il faut en parler \u00ab avant qu\u2019il ne soit trop tard \u00bb car l\u2019humanit\u00e9&hellip;<\/p>\n<\/div>\n<\/div><\/div><\/div><div class=\"vce-posts-grid-item\"><div class=\"vce-post-description vce-post-description--full\" style=\"--authorColor:#393939;--buttonOverlayPaddingPx:8px;--dateColor:#D7DFE4;--imageOverlayBackground:#00000066;--titleColor:rgb(0, 97, 160);--excerptColor:#6A6A6A\"><a href=\"https:\/\/www.liad-alger.fr\/etincelle-liadoise\/pourquoi-la-fast-fashion-ne-devrait-pas-exister\/\" class=\"vce-post-grid-with-hover-button--link\" aria-label=\"POURQUOI LA FAST FASHION NE DEVRAIT PLUS EXISTER ?\"><\/a><div class=\"vce-post-grid-with-hover-button--image vce-post-grid-with-hover-button-aspect-ratio--4-3\" style=\"background-image:url(https:\/\/www.liad-alger.fr\/etincelle-liadoise\/wp-content\/uploads\/2021\/12\/IMG_2674.jpg)\"><div class=\"vce-post-grid-with-hover-button--image-overlay vce-post-grid-with-hover-button--image-overlay-position-center-center\"><div class=\"vce-button--style-outline-container vce-button--style-outline-container--align-left\"><span class=\"vce-button--style-outline-wrapper vce\" id=\"el-0df1d1a7\" data-vce-do-apply=\"margin el-0df1d1a7\"><button class=\"vce-button vce-button--style-outline-animated vce-button--style-outline--border-square vce-button--style-outline--size-medium vce-button--style-outline-animated--color-fff--fff--3d3d3d vce-button--style-outline-animated--border-color-fff--3d3d3d vce-button--style-outline-animated--background-color-3d3d3d\" data-vce-do-apply=\"padding border background  el-0df1d1a7\"><span class=\"vce-button--style-outline-text\">Lire plus<\/span><\/button><\/span><\/div><\/div><\/div><div class=\"vce-post-grid-with-hover-button-description vce-post-grid-with-hover-button-description-position--left\"><span class=\"vce-post-grid-with-hover-button-date\">2021-12-09 16:03:05<\/span><h3 class=\"vce-post-grid-with-hover-button-title\">POURQUOI LA FAST FASHION NE DEVRAIT PLUS EXISTER ?<\/h3><div class=\"vce-post-description--excerpt\"><p>POURQUOI LA FAST FASHION NE DEVRAIT PLUS EXISTER.&nbsp; &nbsp; &nbsp; Depuis ces derniers mois, les grandes enseignes de fast-fashion sont la cible de nombreuses accusations. Pourtant, malgr\u00e9 tous les scandales, le monopole de ces marques sur le march\u00e9 de la mode reste total et invuln\u00e9rable. C&rsquo;est un empire de magasins qui se d\u00e9ploie \u00e0 travers&hellip;<\/p>\n<\/div>\n<\/div><\/div><\/div><div class=\"vce-posts-grid-item\"><div class=\"vce-post-description vce-post-description--full\" style=\"--authorColor:#393939;--buttonOverlayPaddingPx:8px;--dateColor:#D7DFE4;--imageOverlayBackground:#00000066;--titleColor:rgb(0, 97, 160);--excerptColor:#6A6A6A\"><a href=\"https:\/\/www.liad-alger.fr\/etincelle-liadoise\/cop26-et-g20-des-ambitions-contradictoires\/\" class=\"vce-post-grid-with-hover-button--link\" aria-label=\"COP26 et G20 : des ambitions contradictoires.\"><\/a><div class=\"vce-post-grid-with-hover-button--image vce-post-grid-with-hover-button-aspect-ratio--4-3\" style=\"background-image:url(https:\/\/www.liad-alger.fr\/etincelle-liadoise\/wp-content\/uploads\/2021\/12\/climat.jpg)\"><div class=\"vce-post-grid-with-hover-button--image-overlay vce-post-grid-with-hover-button--image-overlay-position-center-center\"><div class=\"vce-button--style-outline-container vce-button--style-outline-container--align-left\"><span class=\"vce-button--style-outline-wrapper vce\" id=\"el-0df1d1a7\" data-vce-do-apply=\"margin el-0df1d1a7\"><button class=\"vce-button vce-button--style-outline-animated vce-button--style-outline--border-square vce-button--style-outline--size-medium vce-button--style-outline-animated--color-fff--fff--3d3d3d vce-button--style-outline-animated--border-color-fff--3d3d3d vce-button--style-outline-animated--background-color-3d3d3d\" data-vce-do-apply=\"padding border background  el-0df1d1a7\"><span class=\"vce-button--style-outline-text\">Lire plus<\/span><\/button><\/span><\/div><\/div><\/div><div class=\"vce-post-grid-with-hover-button-description vce-post-grid-with-hover-button-description-position--left\"><span class=\"vce-post-grid-with-hover-button-date\">2021-12-01 21:15:13<\/span><h3 class=\"vce-post-grid-with-hover-button-title\">COP26 et G20 : des ambitions contradictoires.<\/h3><div class=\"vce-post-description--excerpt\"><p>COP26 et G20 : des ambitions contradictoires.&nbsp; &nbsp; &nbsp; &nbsp;Joe Biden aper\u00e7u somnolant lors du discours d\u2019inauguration de Boris Johnson ou encore les principaux leaders du monde r\u00e9unis devant la c\u00e9l\u00e8bre fontaine de Trevi pour y faire un v\u0153u, telles sont les images qui ouvrent le bal des deux \u00e9v\u00e9nements majeurs pour la politique internationale.&hellip;<\/p>\n<\/div>\n<\/div><\/div><\/div><\/div><\/div><\/div><\/div><\/div><\/div><\/div><\/div><\/div>\n","protected":false},"excerpt":{"rendered":"<p>Engagement<\/p>\n","protected":false},"author":3,"featured_media":0,"parent":0,"menu_order":0,"comment_status":"closed","ping_status":"closed","template":"","meta":{"_acf_changed":false,"footnotes":""},"class_list":["post-554","page","type-page","status-publish","hentry"],"acf":[],"_links":{"self":[{"href":"https:\/\/www.liad-alger.fr\/etincelle-liadoise\/wp-json\/wp\/v2\/pages\/554","targetHints":{"allow":["GET"]}}],"collection":[{"href":"https:\/\/www.liad-alger.fr\/etincelle-liadoise\/wp-json\/wp\/v2\/pages"}],"about":[{"href":"https:\/\/www.liad-alger.fr\/etincelle-liadoise\/wp-json\/wp\/v2\/types\/page"}],"author":[{"embeddable":true,"href":"https:\/\/www.liad-alger.fr\/etincelle-liadoise\/wp-json\/wp\/v2\/users\/3"}],"replies":[{"embeddable":true,"href":"https:\/\/www.liad-alger.fr\/etincelle-liadoise\/wp-json\/wp\/v2\/comments?post=554"}],"version-history":[{"count":12,"href":"https:\/\/www.liad-alger.fr\/etincelle-liadoise\/wp-json\/wp\/v2\/pages\/554\/revisions"}],"predecessor-version":[{"id":2179,"href":"https:\/\/www.liad-alger.fr\/etincelle-liadoise\/wp-json\/wp\/v2\/pages\/554\/revisions\/2179"}],"wp:attachment":[{"href":"https:\/\/www.liad-alger.fr\/etincelle-liadoise\/wp-json\/wp\/v2\/media?parent=554"}],"curies":[{"name":"wp","href":"https:\/\/api.w.org\/{rel}","templated":true}]}}