{"id":52,"date":"2021-05-06T13:56:33","date_gmt":"2021-05-06T11:56:33","guid":{"rendered":"http:\/\/liad-alger.fr\/etincelle-liadoise\/?page_id=52"},"modified":"2022-04-29T14:04:35","modified_gmt":"2022-04-29T13:04:35","slug":"sport","status":"publish","type":"page","link":"https:\/\/www.liad-alger.fr\/etincelle-liadoise\/sport\/","title":{"rendered":"Sport"},"content":{"rendered":"<div class=\"vce-row-container\"><div class=\"vce-row vce-row--has-col-background vce-element--has-background vce-row--col-gap-30 vce-row-no-paddings vce-row-equal-height vce-row-columns--top vce-row-content--top vcv-state--show-resizer\" data-vce-full-width=\"true\" data-vce-stretch-content=\"true\" id=\"el-8a0382c7\" data-vce-do-apply=\"all el-8a0382c7\"><div class=\"vce-content-background-container\"><div class=\"vce-asset-background-simple-container vce-visible-all-only vce-asset-background-simple--style-cover vce-asset-background-simple--position-center-center\"><div class=\"vce-asset-background-simple\"><div class=\"vce-asset-background-simple-item\" style=\"background-image: url('http:\/\/liad-alger.fr\/etincelle-liadoise\/wp-content\/uploads\/2021\/05\/sport.jpg');\"><\/div><\/div><\/div><\/div><div class=\"vce-row-content\" data-vce-element-content=\"true\"><div class=\"vce-col vce-element--has-background vce-col--md-auto vce-col--xs-1 vce-col--xs-last vce-col--xs-first vce-col--sm-last vce-col--sm-first vce-col--md-last vce-col--lg-last vce-col--xl-last vce-col--md-first vce-col--lg-first vce-col--xl-first\" id=\"el-50499b74\"><div class=\"vce-col-inner\" data-vce-do-apply=\"border margin background  el-50499b74\"><div class=\"vce-content-background-container\"><\/div><div class=\"vce-col-content\" data-vce-element-content=\"true\" data-vce-do-apply=\"padding el-50499b74\"><div class=\"vce-google-fonts-heading vce-google-fonts-heading--align-center vce-google-fonts-heading--color-b-255-255-255--45--5C00FF--FF7200 vce-google-fonts-heading--font-family-Ubuntu\"><div class=\"vce-google-fonts-heading-wrapper\"><div class=\"vce-google-fonts-heading--background vce\" id=\"el-7c39e84f\" data-vce-do-apply=\"border background  padding margin el-7c39e84f\"><h2 class=\"vce-google-fonts-heading-inner\" style=\"font-weight: 400;\">Sport<\/h2><\/div><\/div><\/div><\/div><\/div><\/div><\/div><\/div><\/div><div class=\"vce-row-container\" data-vce-boxed-width=\"true\"><div class=\"vce-row vce-row--col-gap-30 vce-row-equal-height vce-row-columns--top vce-row-content--top\" id=\"el-a161b7eb\" data-vce-do-apply=\"all el-a161b7eb\"><div class=\"vce-content-background-container\"><\/div><div class=\"vce-row-content\" data-vce-element-content=\"true\"><div class=\"vce-col vce-col--md-auto vce-col--xs-1 vce-col--xs-last vce-col--xs-first vce-col--sm-last vce-col--sm-first vce-col--md-last vce-col--lg-last vce-col--xl-last vce-col--md-first vce-col--lg-first vce-col--xl-first\" id=\"el-9aec9748\"><div class=\"vce-col-inner\" data-vce-do-apply=\"border margin background  el-9aec9748\"><div class=\"vce-col-content\" data-vce-element-content=\"true\" data-vce-do-apply=\"padding el-9aec9748\"><div class=\"vce-posts-grid-container vce-post-grid-with-hover-button-container\"><div class=\"vce vce-posts-grid-wrapper vce-posts-grid--gap-10 vce-posts-grid--columns-3 vce-posts-grid-pagination--color-E0BAA0--e2e2e2\" id=\"el-1b355af6\" data-vce-do-apply=\"all el-1b355af6\"><div class=\"vce-posts-grid-list\"><div class=\"vce-posts-grid-item\"><div class=\"vce-post-description vce-post-description--full\"><a href=\"https:\/\/www.liad-alger.fr\/etincelle-liadoise\/le-superbowl\/\" class=\"vce-post-grid-with-hover-button--link\"><\/a><div class=\"vce-post-grid-with-hover-button--image vce-post-grid-with-hover-button-aspect-ratio--4-3\" style=\"background-image:url(https:\/\/www.liad-alger.fr\/etincelle-liadoise\/wp-content\/uploads\/2026\/03\/IMG_2042.jpeg)\"><div class=\"vce-post-grid-with-hover-button--image-overlay vce-post-grid-with-hover-button--image-overlay-background-color-00000066 vce-post-grid-with-hover-button--image-overlay-position-center-center vce-post-grid-with-hover-button--image-overlay-padding--8\"><div class=\"vce-button--style-outline-container vce-button--style-outline-container--align-left\"><span class=\"vce-button--style-outline-wrapper vce\" id=\"el-d18bd875\" data-vce-do-apply=\"margin el-d18bd875\"><button class=\"vce-button--style-outline-animated vce-button--style-outline--border-square vce-button--style-outline--size-medium vce-button--style-outline-animated--color-fff--fff--3d3d3d vce-button--style-outline-animated--border-color-fff--3d3d3d vce-button--style-outline-animated--background-color-3d3d3d\" data-vce-do-apply=\"padding border background  el-d18bd875\"><span class=\"vce-button--style-outline-text\">Lire Plus <\/span><\/button><\/span><\/div><\/div><\/div><div class=\"vce-post-grid-with-hover-button-description vce-post-grid-with-hover-button--excerpt-color-6A6A6A vce-post-grid-with-hover-button-description-position--left\"><span class=\"vce-post-grid-with-hover-button-date vce-post-grid-with-hover-button--date-color-D7DFE4\">2026-03-31 08:38:38<\/span><h3 class=\"vce-post-grid-with-hover-button-title vce-post-grid-with-hover-button--title-color-b-0-97-160\">Le Superbowl<\/h3><div class=\"vce-post-description--excerpt\"><p>Que l\u2019on soit passionn\u00e9 de football am\u00e9ricain ou simple amateur de grands \u00e9v\u00e9nements sportifs, impossible de ne jamais avoir entendu parler du Super Bowl. V\u00e9ritable institution aux \u00c9tats-Unis, il s\u2019agit de la finale du championnat de football am\u00e9ricain, organis\u00e9e chaque ann\u00e9e entre fin janvier et d\u00e9but f\u00e9vrier, au terme d\u2019une saison qui dure environ cinq&hellip;<\/p>\n<\/div>\n<\/div><\/div><\/div><div class=\"vce-posts-grid-item\"><div class=\"vce-post-description vce-post-description--full\"><a href=\"https:\/\/www.liad-alger.fr\/etincelle-liadoise\/equitalyon-2025\/\" class=\"vce-post-grid-with-hover-button--link\"><\/a><div class=\"vce-post-grid-with-hover-button--image vce-post-grid-with-hover-button-aspect-ratio--4-3\" style=\"background-image:url(https:\/\/www.liad-alger.fr\/etincelle-liadoise\/wp-content\/uploads\/2026\/03\/image0.jpeg)\"><div class=\"vce-post-grid-with-hover-button--image-overlay vce-post-grid-with-hover-button--image-overlay-background-color-00000066 vce-post-grid-with-hover-button--image-overlay-position-center-center vce-post-grid-with-hover-button--image-overlay-padding--8\"><div class=\"vce-button--style-outline-container vce-button--style-outline-container--align-left\"><span class=\"vce-button--style-outline-wrapper vce\" id=\"el-d18bd875\" data-vce-do-apply=\"margin el-d18bd875\"><button class=\"vce-button--style-outline-animated vce-button--style-outline--border-square vce-button--style-outline--size-medium vce-button--style-outline-animated--color-fff--fff--3d3d3d vce-button--style-outline-animated--border-color-fff--3d3d3d vce-button--style-outline-animated--background-color-3d3d3d\" data-vce-do-apply=\"padding border background  el-d18bd875\"><span class=\"vce-button--style-outline-text\">Lire Plus <\/span><\/button><\/span><\/div><\/div><\/div><div class=\"vce-post-grid-with-hover-button-description vce-post-grid-with-hover-button--excerpt-color-6A6A6A vce-post-grid-with-hover-button-description-position--left\"><span class=\"vce-post-grid-with-hover-button-date vce-post-grid-with-hover-button--date-color-D7DFE4\">2026-03-31 07:22:35<\/span><h3 class=\"vce-post-grid-with-hover-button-title vce-post-grid-with-hover-button--title-color-b-0-97-160\">EquitaLyon 2025<\/h3><div class=\"vce-post-description--excerpt\"><p>\u00c9quitaLyon 2025 a une nouvelle fois rassembl\u00e9 un large public autour des comp\u00e9titions et des animations \u00e9questres. Le salon accueillait des visiteurs de tous \u00e2ges : familles, cavaliers professionnels, amateurs et scolaires. Les all\u00e9es proposaient du mat\u00e9riel d\u2019\u00e9quitation, de la sellerie, des v\u00eatements techniques, des aliments pour chevaux ainsi que des ateliers p\u00e9dagogiques. Plusieurs disciplines&hellip;<\/p>\n<\/div>\n<\/div><\/div><\/div><div class=\"vce-posts-grid-item\"><div class=\"vce-post-description vce-post-description--full\"><a href=\"https:\/\/www.liad-alger.fr\/etincelle-liadoise\/les-jo-de-paris-2024-3-000-logements-etudiants-requisitionnes-une-decision-suspendue-par-la-justice\/\" class=\"vce-post-grid-with-hover-button--link\"><\/a><div class=\"vce-post-grid-with-hover-button--image vce-post-grid-with-hover-button-aspect-ratio--4-3\" style=\"background-image:url(https:\/\/www.liad-alger.fr\/etincelle-liadoise\/wp-content\/uploads\/2023\/11\/Capture-decran-2023-11-11-120443.png)\"><div class=\"vce-post-grid-with-hover-button--image-overlay vce-post-grid-with-hover-button--image-overlay-background-color-00000066 vce-post-grid-with-hover-button--image-overlay-position-center-center vce-post-grid-with-hover-button--image-overlay-padding--8\"><div class=\"vce-button--style-outline-container vce-button--style-outline-container--align-left\"><span class=\"vce-button--style-outline-wrapper vce\" id=\"el-d18bd875\" data-vce-do-apply=\"margin el-d18bd875\"><button class=\"vce-button--style-outline-animated vce-button--style-outline--border-square vce-button--style-outline--size-medium vce-button--style-outline-animated--color-fff--fff--3d3d3d vce-button--style-outline-animated--border-color-fff--3d3d3d vce-button--style-outline-animated--background-color-3d3d3d\" data-vce-do-apply=\"padding border background  el-d18bd875\"><span class=\"vce-button--style-outline-text\">Lire Plus <\/span><\/button><\/span><\/div><\/div><\/div><div class=\"vce-post-grid-with-hover-button-description vce-post-grid-with-hover-button--excerpt-color-6A6A6A vce-post-grid-with-hover-button-description-position--left\"><span class=\"vce-post-grid-with-hover-button-date vce-post-grid-with-hover-button--date-color-D7DFE4\">2023-11-11 12:14:37<\/span><h3 class=\"vce-post-grid-with-hover-button-title vce-post-grid-with-hover-button--title-color-b-0-97-160\">Les JO de Paris 2024 : 3.000 logements \u00e9tudiants r\u00e9quisitionn\u00e9s, une d\u00e9cision suspendue par la justice<\/h3><div class=\"vce-post-description--excerpt\"><p>En 2017, Paris fut d\u00e9sign\u00e9e par le CIO (comit\u00e9 international olympique) pour accueillir les jeux olympiques. Avec un budget annonc\u00e9 de 6,6 milliards d&rsquo;euros, les JO de Paris 2024 s&rsquo;appuieront majoritairement sur des sites d\u00e9j\u00e0 existants dans la ville. Cela dit, une pol\u00e9mique fait surface en mai 2023, lorsque le minist\u00e8re des Sports annonce que&hellip;<\/p>\n<\/div>\n<\/div><\/div><\/div><div class=\"vce-posts-grid-item\"><div class=\"vce-post-description vce-post-description--full\"><a href=\"https:\/\/www.liad-alger.fr\/etincelle-liadoise\/inegalites-salariales-hommes-femmes-football\/\" class=\"vce-post-grid-with-hover-button--link\"><\/a><div class=\"vce-post-grid-with-hover-button--image vce-post-grid-with-hover-button-aspect-ratio--4-3\" style=\"background-image:url(https:\/\/www.liad-alger.fr\/etincelle-liadoise\/wp-content\/uploads\/2022\/04\/HFFoot.webp)\"><div class=\"vce-post-grid-with-hover-button--image-overlay vce-post-grid-with-hover-button--image-overlay-background-color-00000066 vce-post-grid-with-hover-button--image-overlay-position-center-center vce-post-grid-with-hover-button--image-overlay-padding--8\"><div class=\"vce-button--style-outline-container vce-button--style-outline-container--align-left\"><span class=\"vce-button--style-outline-wrapper vce\" id=\"el-d18bd875\" data-vce-do-apply=\"margin el-d18bd875\"><button class=\"vce-button--style-outline-animated vce-button--style-outline--border-square vce-button--style-outline--size-medium vce-button--style-outline-animated--color-fff--fff--3d3d3d vce-button--style-outline-animated--border-color-fff--3d3d3d vce-button--style-outline-animated--background-color-3d3d3d\" data-vce-do-apply=\"padding border background  el-d18bd875\"><span class=\"vce-button--style-outline-text\">Lire Plus <\/span><\/button><\/span><\/div><\/div><\/div><div class=\"vce-post-grid-with-hover-button-description vce-post-grid-with-hover-button--excerpt-color-6A6A6A vce-post-grid-with-hover-button-description-position--left\"><span class=\"vce-post-grid-with-hover-button-date vce-post-grid-with-hover-button--date-color-D7DFE4\">2022-04-29 05:55:17<\/span><h3 class=\"vce-post-grid-with-hover-button-title vce-post-grid-with-hover-button--title-color-b-0-97-160\">Les in\u00e9galit\u00e9s salariales hommes-femmes dans le monde du football<\/h3><div class=\"vce-post-description--excerpt\"><p>Les in\u00e9galit\u00e9s salariales hommes-femmes dans le monde du football.La r\u00e9cente d\u00e9claration \u00e0 la Maison-Blanche de Megan Rapinoe, joueuse de l\u2019\u00e9quipe nationale de football f\u00e9minin des \u00c9tats-Unis, en mars 2021, fait parler d\u2019elle. Elle d\u00e9clare : \u201cIl est tout simplement inacceptable que nous nous battions encore pour l\u2019\u00e9galit\u00e9 salariale. Si cela nous arrive \u00e0 nous, si&hellip;<\/p>\n<\/div>\n<\/div><\/div><\/div><div class=\"vce-posts-grid-item\"><div class=\"vce-post-description vce-post-description--full\"><a href=\"https:\/\/www.liad-alger.fr\/etincelle-liadoise\/les-jeux-olympiques-de-paris-2024\/\" class=\"vce-post-grid-with-hover-button--link\"><\/a><div class=\"vce-post-grid-with-hover-button--image vce-post-grid-with-hover-button-aspect-ratio--4-3\" style=\"background-image:url(https:\/\/www.liad-alger.fr\/etincelle-liadoise\/wp-content\/uploads\/2021\/10\/IMG_20211008_223205.jpg)\"><div class=\"vce-post-grid-with-hover-button--image-overlay vce-post-grid-with-hover-button--image-overlay-background-color-00000066 vce-post-grid-with-hover-button--image-overlay-position-center-center vce-post-grid-with-hover-button--image-overlay-padding--8\"><div class=\"vce-button--style-outline-container vce-button--style-outline-container--align-left\"><span class=\"vce-button--style-outline-wrapper vce\" id=\"el-d18bd875\" data-vce-do-apply=\"margin el-d18bd875\"><button class=\"vce-button--style-outline-animated vce-button--style-outline--border-square vce-button--style-outline--size-medium vce-button--style-outline-animated--color-fff--fff--3d3d3d vce-button--style-outline-animated--border-color-fff--3d3d3d vce-button--style-outline-animated--background-color-3d3d3d\" data-vce-do-apply=\"padding border background  el-d18bd875\"><span class=\"vce-button--style-outline-text\">Lire Plus <\/span><\/button><\/span><\/div><\/div><\/div><div class=\"vce-post-grid-with-hover-button-description vce-post-grid-with-hover-button--excerpt-color-6A6A6A vce-post-grid-with-hover-button-description-position--left\"><span class=\"vce-post-grid-with-hover-button-date vce-post-grid-with-hover-button--date-color-D7DFE4\">2021-10-08 23:49:10<\/span><h3 class=\"vce-post-grid-with-hover-button-title vce-post-grid-with-hover-button--title-color-b-0-97-160\">Les jeux olympiques de Paris 2024.<\/h3><div class=\"vce-post-description--excerpt\"><p>Les jeux olympiques de Paris 2024.&nbsp; &nbsp; &nbsp; C\u2019est sous le sceau d\u2019une c\u00e9r\u00e9monie de fermeture somptueuse, o\u00f9 se m\u00ealaient feux d\u2019artifices, jeux de lumi\u00e8re et drapeaux du monde entier, que se marquait la fin de cette \u00e9ditions des JO 2020, \u00e9dition particuli\u00e8re car se d\u00e9roulant sans public et plus d\u2019un an apr\u00e8s la date&hellip;<\/p>\n<\/div>\n<\/div><\/div><\/div><\/div><\/div><\/div><\/div><\/div><\/div><\/div><\/div><\/div><div class=\"vce-row-container\" data-vce-boxed-width=\"true\"><div class=\"vce-row vce-row--col-gap-30 vce-row-equal-height vce-row-columns--top vce-row-content--top\" id=\"el-39917712\" data-vce-do-apply=\"all el-39917712\"><div class=\"vce-row-content\" data-vce-element-content=\"true\"><div class=\"vce-col vce-col--md-auto vce-col--xs-1 vce-col--xs-last vce-col--xs-first vce-col--sm-last vce-col--sm-first vce-col--md-last vce-col--lg-last vce-col--xl-last vce-col--md-first vce-col--lg-first vce-col--xl-first\" id=\"el-2c3faa65\"><div class=\"vce-col-inner\" data-vce-do-apply=\"border margin background  el-2c3faa65\"><div class=\"vce-col-content\" data-vce-element-content=\"true\" data-vce-do-apply=\"padding el-2c3faa65\"><\/div><\/div><\/div><\/div><\/div><\/div>\n","protected":false},"excerpt":{"rendered":"<p>Sport<\/p>\n","protected":false},"author":1,"featured_media":0,"parent":0,"menu_order":0,"comment_status":"closed","ping_status":"closed","template":"","meta":{"_acf_changed":false,"footnotes":""},"class_list":["post-52","page","type-page","status-publish","hentry"],"acf":[],"_links":{"self":[{"href":"https:\/\/www.liad-alger.fr\/etincelle-liadoise\/wp-json\/wp\/v2\/pages\/52","targetHints":{"allow":["GET"]}}],"collection":[{"href":"https:\/\/www.liad-alger.fr\/etincelle-liadoise\/wp-json\/wp\/v2\/pages"}],"about":[{"href":"https:\/\/www.liad-alger.fr\/etincelle-liadoise\/wp-json\/wp\/v2\/types\/page"}],"author":[{"embeddable":true,"href":"https:\/\/www.liad-alger.fr\/etincelle-liadoise\/wp-json\/wp\/v2\/users\/1"}],"replies":[{"embeddable":true,"href":"https:\/\/www.liad-alger.fr\/etincelle-liadoise\/wp-json\/wp\/v2\/comments?post=52"}],"version-history":[{"count":4,"href":"https:\/\/www.liad-alger.fr\/etincelle-liadoise\/wp-json\/wp\/v2\/pages\/52\/revisions"}],"predecessor-version":[{"id":1065,"href":"https:\/\/www.liad-alger.fr\/etincelle-liadoise\/wp-json\/wp\/v2\/pages\/52\/revisions\/1065"}],"wp:attachment":[{"href":"https:\/\/www.liad-alger.fr\/etincelle-liadoise\/wp-json\/wp\/v2\/media?parent=52"}],"curies":[{"name":"wp","href":"https:\/\/api.w.org\/{rel}","templated":true}]}}