{"id":51,"date":"2021-05-06T13:56:25","date_gmt":"2021-05-06T11:56:25","guid":{"rendered":"http:\/\/liad-alger.fr\/etincelle-liadoise\/?page_id=51"},"modified":"2023-10-06T16:51:36","modified_gmt":"2023-10-06T15:51:36","slug":"orientation","status":"publish","type":"page","link":"https:\/\/www.liad-alger.fr\/etincelle-liadoise\/orientation\/","title":{"rendered":"Orientation"},"content":{"rendered":"<div class=\"vce-row-container\"><div class=\"vce-row vce-row--has-col-background vce-element--has-background vce-row--col-gap-30 vce-row-no-paddings vce-row-equal-height vce-row-columns--top vce-row-content--top vcv-state--show-resizer\" data-vce-full-width=\"true\" data-vce-stretch-content=\"true\" id=\"el-d96c8b51\" data-vce-do-apply=\"all el-d96c8b51\"><div class=\"vce-content-background-container\"><div class=\"vce-asset-background-simple-container vce-visible-all-only vce-asset-background-simple--style-cover vce-asset-background-simple--position-left-center\"><div class=\"vce-asset-background-simple\"><div class=\"vce-asset-background-simple-item\" style=\"background-image: url('https:\/\/www.liad-alger.fr\/etincelle-liadoise\/wp-content\/uploads\/2021\/05\/orientation.jpg');\"><\/div><div class=\"vce-asset-background-simple-item\" style=\"background-image: url('https:\/\/www.liad-alger.fr\/etincelle-liadoise\/wp-content\/uploads\/2023\/10\/R-1.jpeg');\"><\/div><\/div><\/div><\/div><div class=\"vce-row-content\" data-vce-element-content=\"true\"><div class=\"vce-col vce-element--has-background vce-col--md-auto vce-col--xs-1 vce-col--xs-last vce-col--xs-first vce-col--sm-last vce-col--sm-first vce-col--md-last vce-col--lg-last vce-col--xl-last vce-col--md-first vce-col--lg-first vce-col--xl-first\" id=\"el-d99a6566\"><div class=\"vce-col-inner\" data-vce-do-apply=\"border margin background  el-d99a6566\"><div class=\"vce-content-background-container\"><\/div><div class=\"vce-col-content\" data-vce-element-content=\"true\" data-vce-do-apply=\"padding el-d99a6566\"><div class=\"vce-google-fonts-heading vce-google-fonts-heading--align-center vce-google-fonts-heading--color-b-255-255-255--45--5C00FF--FF7200 vce-google-fonts-heading--font-family-Ubuntu\"><div class=\"vce-google-fonts-heading-wrapper\"><div class=\"vce-google-fonts-heading--background vce\" id=\"el-b682710e\" data-vce-do-apply=\"border background  padding margin el-b682710e\"><h2 class=\"vce-google-fonts-heading-inner\" style=\"font-weight: 400;\">Orientation<\/h2><\/div><\/div><\/div><\/div><\/div><\/div><\/div><\/div><\/div><div class=\"vce-row-container\" data-vce-boxed-width=\"true\"><div class=\"vce-row vce-row--col-gap-30 vce-row-equal-height vce-row-columns--top vce-row-content--top\" id=\"el-97e6c8a9\" data-vce-do-apply=\"all el-97e6c8a9\"><div class=\"vce-content-background-container\"><\/div><div class=\"vce-row-content\" data-vce-element-content=\"true\"><div class=\"vce-col vce-col--md-auto vce-col--xs-1 vce-col--xs-last vce-col--xs-first vce-col--sm-last vce-col--sm-first vce-col--md-last vce-col--lg-last vce-col--xl-last vce-col--md-first vce-col--lg-first vce-col--xl-first\" id=\"el-cb75261e\"><div class=\"vce-col-inner\" data-vce-do-apply=\"border margin background  el-cb75261e\"><div class=\"vce-col-content\" data-vce-element-content=\"true\" data-vce-do-apply=\"padding el-cb75261e\"><div class=\"vce-posts-grid-container vce-post-grid-with-hover-button-container\"><div class=\"vce vce-posts-grid-wrapper vce-posts-grid--gap-10 vce-posts-grid--columns-3 vce-posts-grid-pagination--color-E0BAA0--e2e2e2\" id=\"el-0c84b42b\" data-vce-do-apply=\"all el-0c84b42b\"><div class=\"vce-posts-grid-list\"><div class=\"vce-posts-grid-item\"><div class=\"vce-post-description vce-post-description--full\"><a href=\"https:\/\/www.liad-alger.fr\/etincelle-liadoise\/interview-de-zafira-ouartsi-directrice-dartissimo\/\" class=\"vce-post-grid-with-hover-button--link\"><\/a><div class=\"vce-post-grid-with-hover-button--image vce-post-grid-with-hover-button-aspect-ratio--4-3\" style=\"background-image:url(https:\/\/www.liad-alger.fr\/etincelle-liadoise\/wp-content\/uploads\/2021\/07\/OIP.jpeg)\"><div class=\"vce-post-grid-with-hover-button--image-overlay vce-post-grid-with-hover-button--image-overlay-background-color-00000066 vce-post-grid-with-hover-button--image-overlay-position-center-center vce-post-grid-with-hover-button--image-overlay-padding--8\"><div class=\"vce-button--style-outline-container vce-button--style-outline-container--align-left\"><span class=\"vce-button--style-outline-wrapper vce\" id=\"el-d18bd875\" data-vce-do-apply=\"margin el-d18bd875\"><button class=\"vce-button--style-outline-animated vce-button--style-outline--border-square vce-button--style-outline--size-medium vce-button--style-outline-animated--color-fff--fff--3d3d3d vce-button--style-outline-animated--border-color-fff--3d3d3d vce-button--style-outline-animated--background-color-3d3d3d\" data-vce-do-apply=\"padding border background  el-d18bd875\"><span class=\"vce-button--style-outline-text\">Lire Plus <\/span><\/button><\/span><\/div><\/div><\/div><div class=\"vce-post-grid-with-hover-button-description vce-post-grid-with-hover-button--excerpt-color-6A6A6A vce-post-grid-with-hover-button-description-position--left\"><span class=\"vce-post-grid-with-hover-button-date vce-post-grid-with-hover-button--date-color-D7DFE4\">2023-10-06 14:00:08<\/span><h3 class=\"vce-post-grid-with-hover-button-title vce-post-grid-with-hover-button--title-color-b-0-97-160\">Interview de Zafira Ouartsi, directrice d'Artissimo<\/h3><div class=\"vce-post-description--excerpt\"><p>Interview de Zafira Ouartsi, directrice d&rsquo;Artissimo.Bonjour, merci d&rsquo;avoir accept\u00e9 l&rsquo;interview. Est-ce que vous pouvez vous pr\u00e9senter s&rsquo;il vous pla\u00eet ?Je m&rsquo;appelle Zafira Ouartsi, je suis la fondatrice et directrice d&rsquo;Artissimo.&nbsp;Pouvez-vous nous parler de votre parcours ?Je suis avocate de formation, mais apr\u00e8s avoir pass\u00e9 mon dipl\u00f4me j&rsquo;ai cr\u00e9\u00e9 Artissimo en janvier 2000 en pensant pouvoir&hellip;<\/p>\n<\/div>\n<\/div><\/div><\/div><div class=\"vce-posts-grid-item\"><div class=\"vce-post-description vce-post-description--full\"><a href=\"https:\/\/www.liad-alger.fr\/etincelle-liadoise\/les-metiers-de-laudiovisuel\/\" class=\"vce-post-grid-with-hover-button--link\"><\/a><div class=\"vce-post-grid-with-hover-button--image vce-post-grid-with-hover-button-aspect-ratio--4-3\" style=\"background-image:url(https:\/\/www.liad-alger.fr\/etincelle-liadoise\/wp-content\/uploads\/2022\/01\/audiovisuel.jpg)\"><div class=\"vce-post-grid-with-hover-button--image-overlay vce-post-grid-with-hover-button--image-overlay-background-color-00000066 vce-post-grid-with-hover-button--image-overlay-position-center-center vce-post-grid-with-hover-button--image-overlay-padding--8\"><div class=\"vce-button--style-outline-container vce-button--style-outline-container--align-left\"><span class=\"vce-button--style-outline-wrapper vce\" id=\"el-d18bd875\" data-vce-do-apply=\"margin el-d18bd875\"><button class=\"vce-button--style-outline-animated vce-button--style-outline--border-square vce-button--style-outline--size-medium vce-button--style-outline-animated--color-fff--fff--3d3d3d vce-button--style-outline-animated--border-color-fff--3d3d3d vce-button--style-outline-animated--background-color-3d3d3d\" data-vce-do-apply=\"padding border background  el-d18bd875\"><span class=\"vce-button--style-outline-text\">Lire Plus <\/span><\/button><\/span><\/div><\/div><\/div><div class=\"vce-post-grid-with-hover-button-description vce-post-grid-with-hover-button--excerpt-color-6A6A6A vce-post-grid-with-hover-button-description-position--left\"><span class=\"vce-post-grid-with-hover-button-date vce-post-grid-with-hover-button--date-color-D7DFE4\">2022-01-29 20:08:51<\/span><h3 class=\"vce-post-grid-with-hover-button-title vce-post-grid-with-hover-button--title-color-b-0-97-160\">Les m\u00e9tiers de l'audiovisuel<\/h3><div class=\"vce-post-description--excerpt\"><p>Les m\u00e9tiers de l&rsquo;audiovisuel&nbsp; &nbsp; &nbsp; A la fin du lyc\u00e9e, nous sommes amen\u00e9s \u00e0 faire des choix d\u00e9terminants pour notre avenir. Alors que certains sont d\u00e9j\u00e0 s\u00fbrs d\u2019eux et savent avec pr\u00e9cision ce qu\u2019ils veulent, d&rsquo;autres sont remplis de doutes et d\u2019incertitude en ce qui concerne leur futur. Ce choix plus que d\u00e9cisif ne&hellip;<\/p>\n<\/div>\n<\/div><\/div><\/div><div class=\"vce-posts-grid-item\"><div class=\"vce-post-description vce-post-description--full\"><a href=\"https:\/\/www.liad-alger.fr\/etincelle-liadoise\/parcours-du-directeur-de-linstitut-francais-dalger\/\" class=\"vce-post-grid-with-hover-button--link\"><\/a><div class=\"vce-post-grid-with-hover-button--image vce-post-grid-with-hover-button-aspect-ratio--4-3\" style=\"background-image:url(https:\/\/www.liad-alger.fr\/etincelle-liadoise\/wp-content\/uploads\/2021\/07\/el-traitro.png)\"><div class=\"vce-post-grid-with-hover-button--image-overlay vce-post-grid-with-hover-button--image-overlay-background-color-00000066 vce-post-grid-with-hover-button--image-overlay-position-center-center vce-post-grid-with-hover-button--image-overlay-padding--8\"><div class=\"vce-button--style-outline-container vce-button--style-outline-container--align-left\"><span class=\"vce-button--style-outline-wrapper vce\" id=\"el-d18bd875\" data-vce-do-apply=\"margin el-d18bd875\"><button class=\"vce-button--style-outline-animated vce-button--style-outline--border-square vce-button--style-outline--size-medium vce-button--style-outline-animated--color-fff--fff--3d3d3d vce-button--style-outline-animated--border-color-fff--3d3d3d vce-button--style-outline-animated--background-color-3d3d3d\" data-vce-do-apply=\"padding border background  el-d18bd875\"><span class=\"vce-button--style-outline-text\">Lire Plus <\/span><\/button><\/span><\/div><\/div><\/div><div class=\"vce-post-grid-with-hover-button-description vce-post-grid-with-hover-button--excerpt-color-6A6A6A vce-post-grid-with-hover-button-description-position--left\"><span class=\"vce-post-grid-with-hover-button-date vce-post-grid-with-hover-button--date-color-D7DFE4\">2021-05-16 15:59:19<\/span><h3 class=\"vce-post-grid-with-hover-button-title vce-post-grid-with-hover-button--title-color-b-0-97-160\">Parcours du directeur de l\u2019Institut Fran\u00e7ais d\u2019Alger<\/h3><div class=\"vce-post-description--excerpt\"><p>  Nous avons interview\u00e9 le directeur de l\u2019Institut Fran\u00e7ais monsieur Philippe Monestes afin que les \u00e9l\u00e8ves du LIAD puissent se renseigner sur son parcours, ce en quoi a consist\u00e9 son m\u00e9tier\u2026<\/p>\n<\/div>\n<\/div><\/div><\/div><\/div><\/div><\/div><\/div><\/div><\/div><\/div><\/div><\/div><div class=\"vce-row-container\" data-vce-boxed-width=\"true\"><div class=\"vce-row vce-row--col-gap-30 vce-row-equal-height vce-row-columns--top vce-row-content--top\" id=\"el-272dd8ca\" data-vce-do-apply=\"all el-272dd8ca\"><div class=\"vce-row-content\" data-vce-element-content=\"true\"><div class=\"vce-col vce-col--md-auto vce-col--xs-1 vce-col--xs-last vce-col--xs-first vce-col--sm-last vce-col--sm-first vce-col--md-last vce-col--lg-last vce-col--xl-last vce-col--md-first vce-col--lg-first vce-col--xl-first\" id=\"el-d8cf11ee\"><div class=\"vce-col-inner\" data-vce-do-apply=\"border margin background  el-d8cf11ee\"><div class=\"vce-col-content\" data-vce-element-content=\"true\" data-vce-do-apply=\"padding el-d8cf11ee\"><\/div><\/div><\/div><\/div><\/div><\/div>\n","protected":false},"excerpt":{"rendered":"<p>Orientation<\/p>\n","protected":false},"author":1,"featured_media":0,"parent":0,"menu_order":0,"comment_status":"closed","ping_status":"closed","template":"","meta":{"_acf_changed":false,"footnotes":""},"class_list":["post-51","page","type-page","status-publish","hentry"],"acf":[],"_links":{"self":[{"href":"https:\/\/www.liad-alger.fr\/etincelle-liadoise\/wp-json\/wp\/v2\/pages\/51","targetHints":{"allow":["GET"]}}],"collection":[{"href":"https:\/\/www.liad-alger.fr\/etincelle-liadoise\/wp-json\/wp\/v2\/pages"}],"about":[{"href":"https:\/\/www.liad-alger.fr\/etincelle-liadoise\/wp-json\/wp\/v2\/types\/page"}],"author":[{"embeddable":true,"href":"https:\/\/www.liad-alger.fr\/etincelle-liadoise\/wp-json\/wp\/v2\/users\/1"}],"replies":[{"embeddable":true,"href":"https:\/\/www.liad-alger.fr\/etincelle-liadoise\/wp-json\/wp\/v2\/comments?post=51"}],"version-history":[{"count":9,"href":"https:\/\/www.liad-alger.fr\/etincelle-liadoise\/wp-json\/wp\/v2\/pages\/51\/revisions"}],"predecessor-version":[{"id":1759,"href":"https:\/\/www.liad-alger.fr\/etincelle-liadoise\/wp-json\/wp\/v2\/pages\/51\/revisions\/1759"}],"wp:attachment":[{"href":"https:\/\/www.liad-alger.fr\/etincelle-liadoise\/wp-json\/wp\/v2\/media?parent=51"}],"curies":[{"name":"wp","href":"https:\/\/api.w.org\/{rel}","templated":true}]}}