{"id":240,"date":"2021-05-17T15:47:44","date_gmt":"2021-05-17T13:47:44","guid":{"rendered":"http:\/\/liad-alger.fr\/etincelle-liadoise\/?page_id=240"},"modified":"2021-12-24T20:35:38","modified_gmt":"2021-12-24T19:35:38","slug":"liad-2","status":"publish","type":"page","link":"https:\/\/www.liad-alger.fr\/etincelle-liadoise\/liad-2\/","title":{"rendered":"LIAD"},"content":{"rendered":"<div class=\"vce-row-container\"><div class=\"vce-row vce-row--has-col-background vce-element--has-background vce-row--col-gap-30 vce-row-no-paddings vce-row-equal-height vce-row-columns--top vce-row-content--top\" data-vce-full-width=\"true\" data-vce-stretch-content=\"true\" id=\"el-005f3abf\" data-vce-do-apply=\"all el-005f3abf\"><div class=\"vce-content-background-container\"><div class=\"vce-asset-background-simple-container vce-visible-all-only vce-asset-background-simple--style-cover vce-asset-background-simple--position-center-center\"><div class=\"vce-asset-background-simple\"><div class=\"vce-asset-background-simple-item\" style=\"background-image: url('http:\/\/liad-alger.fr\/etincelle-liadoise\/wp-content\/uploads\/2021\/05\/liad.jpg');\"><\/div><\/div><\/div><\/div><div class=\"vce-row-content\" data-vce-element-content=\"true\"><div class=\"vce-col vce-element--has-background vce-col--md-auto vce-col--xs-1 vce-col--xs-last vce-col--xs-first vce-col--sm-last vce-col--sm-first vce-col--md-last vce-col--lg-last vce-col--xl-last vce-col--md-first vce-col--lg-first vce-col--xl-first\" id=\"el-dad39455\"><div class=\"vce-col-inner\" data-vce-do-apply=\"border margin background  el-dad39455\"><div class=\"vce-content-background-container\"><\/div><div class=\"vce-col-content\" data-vce-element-content=\"true\" data-vce-do-apply=\"padding el-dad39455\"><div class=\"vce-google-fonts-heading vce-google-fonts-heading--align-center vce-google-fonts-heading--color-b-255-255-255--45--5C00FF--FF7200 vce-google-fonts-heading--font-family-Ubuntu\"><div class=\"vce-google-fonts-heading-wrapper\"><div class=\"vce-google-fonts-heading--background vce\" id=\"el-9796f404\" data-vce-do-apply=\"border background  padding margin el-9796f404\"><h2 class=\"vce-google-fonts-heading-inner\" style=\"font-weight: 400;\">LIAD<\/h2><\/div><\/div><\/div><\/div><\/div><\/div><\/div><\/div><\/div><div class=\"vce-row-container\" data-vce-boxed-width=\"true\"><div class=\"vce-row vce-row--col-gap-30 vce-row-equal-height vce-row-columns--top vce-row-content--top\" id=\"el-581dadc1\" data-vce-do-apply=\"all el-581dadc1\"><div class=\"vce-content-background-container\"><\/div><div class=\"vce-row-content\" data-vce-element-content=\"true\"><div class=\"vce-col vce-col--md-auto vce-col--xs-1 vce-col--xs-last vce-col--xs-first vce-col--sm-last vce-col--sm-first vce-col--md-last vce-col--lg-last vce-col--xl-last vce-col--md-first vce-col--lg-first vce-col--xl-first\" id=\"el-2518c1f1\"><div class=\"vce-col-inner\" data-vce-do-apply=\"border margin background  el-2518c1f1\"><div class=\"vce-col-content\" data-vce-element-content=\"true\" data-vce-do-apply=\"padding el-2518c1f1\"><div class=\"vce-posts-grid-container vce-post-grid-with-hover-button-container\"><div class=\"vce vce-posts-grid-wrapper vce-posts-grid--gap-10 vce-posts-grid--columns-3 vce-posts-grid-pagination--color-E0BAA0--e2e2e2\" id=\"el-2ec28dfa\" data-vce-do-apply=\"all el-2ec28dfa\"><div class=\"vce-posts-grid-list\"><div class=\"vce-posts-grid-item\"><div class=\"vce-post-description vce-post-description--full\"><a href=\"https:\/\/www.liad-alger.fr\/etincelle-liadoise\/istanbul-entre-orient-et-occident-une-aventure-inoubliable\/\" class=\"vce-post-grid-with-hover-button--link\"><\/a><div class=\"vce-post-grid-with-hover-button--image vce-post-grid-with-hover-button-aspect-ratio--4-3\" style=\"background-image:url(https:\/\/www.liad-alger.fr\/etincelle-liadoise\/wp-content\/uploads\/2026\/04\/IMG_3853.jpeg)\"><div class=\"vce-post-grid-with-hover-button--image-overlay vce-post-grid-with-hover-button--image-overlay-background-color-00000066 vce-post-grid-with-hover-button--image-overlay-position-center-center vce-post-grid-with-hover-button--image-overlay-padding--8\"><div class=\"vce-button--style-outline-container vce-button--style-outline-container--align-left\"><span class=\"vce-button--style-outline-wrapper vce\" id=\"el-d18bd875\" data-vce-do-apply=\"margin el-d18bd875\"><button class=\"vce-button--style-outline-animated vce-button--style-outline--border-square vce-button--style-outline--size-medium vce-button--style-outline-animated--color-fff--fff--3d3d3d vce-button--style-outline-animated--border-color-fff--3d3d3d vce-button--style-outline-animated--background-color-3d3d3d\" data-vce-do-apply=\"padding border background  el-d18bd875\"><span class=\"vce-button--style-outline-text\">Lire Plus <\/span><\/button><\/span><\/div><\/div><\/div><div class=\"vce-post-grid-with-hover-button-description vce-post-grid-with-hover-button--excerpt-color-6A6A6A vce-post-grid-with-hover-button-description-position--left\"><span class=\"vce-post-grid-with-hover-button-date vce-post-grid-with-hover-button--date-color-D7DFE4\">2026-04-04 23:46:19<\/span><h3 class=\"vce-post-grid-with-hover-button-title vce-post-grid-with-hover-button--title-color-b-0-97-160\">Istanbul, entre Orient et Occident : une aventure inoubliable.<\/h3><div class=\"vce-post-description--excerpt\"><p>Le 6 d\u00e9cembre 2026 restera l\u2019un des moments forts de notre scolarit\u00e9. Ce jour-l\u00e0, certains de nos \u00e9l\u00e8ves de premi\u00e8re et de terminale ont eu l\u2019opportunit\u00e9 de s\u2019envoler vers la Turquie, pour un voyage tout bonnement culturel \u00e0 Istanbul. Ville captivante situ\u00e9e entre l&rsquo;Asie et l&rsquo;Europe, Istanbul nous a imm\u00e9diatement plong\u00e9s dans une une atmosph\u00e8re&hellip;<\/p>\n<\/div>\n<\/div><\/div><\/div><div class=\"vce-posts-grid-item\"><div class=\"vce-post-description vce-post-description--full\"><a href=\"https:\/\/www.liad-alger.fr\/etincelle-liadoise\/stress-scolaire-et-battements-du-coeur-ce-que-revelent-nos-montres-connectees\/\" class=\"vce-post-grid-with-hover-button--link\"><\/a><div class=\"vce-post-grid-with-hover-button--image vce-post-grid-with-hover-button-aspect-ratio--4-3\" style=\"background-image:url(https:\/\/www.liad-alger.fr\/etincelle-liadoise\/wp-content\/uploads\/2026\/03\/Rose-Photo-Montage-Coaching-Entreprise-Publication-Instagram-1.jpg)\"><div class=\"vce-post-grid-with-hover-button--image-overlay vce-post-grid-with-hover-button--image-overlay-background-color-00000066 vce-post-grid-with-hover-button--image-overlay-position-center-center vce-post-grid-with-hover-button--image-overlay-padding--8\"><div class=\"vce-button--style-outline-container vce-button--style-outline-container--align-left\"><span class=\"vce-button--style-outline-wrapper vce\" id=\"el-d18bd875\" data-vce-do-apply=\"margin el-d18bd875\"><button class=\"vce-button--style-outline-animated vce-button--style-outline--border-square vce-button--style-outline--size-medium vce-button--style-outline-animated--color-fff--fff--3d3d3d vce-button--style-outline-animated--border-color-fff--3d3d3d vce-button--style-outline-animated--background-color-3d3d3d\" data-vce-do-apply=\"padding border background  el-d18bd875\"><span class=\"vce-button--style-outline-text\">Lire Plus <\/span><\/button><\/span><\/div><\/div><\/div><div class=\"vce-post-grid-with-hover-button-description vce-post-grid-with-hover-button--excerpt-color-6A6A6A vce-post-grid-with-hover-button-description-position--left\"><span class=\"vce-post-grid-with-hover-button-date vce-post-grid-with-hover-button--date-color-D7DFE4\">2026-03-30 22:32:13<\/span><h3 class=\"vce-post-grid-with-hover-button-title vce-post-grid-with-hover-button--title-color-b-0-97-160\">Stress scolaire et battements du c\u0153ur : ce que r\u00e9v\u00e8lent nos montres connect\u00e9es<\/h3><div class=\"vce-post-description--excerpt\"><p>Le stress fait partie du quotidien des lyc\u00e9ens, surtout lorsqu&rsquo; approchent les contr\u00f4les, les oraux ou les p\u00e9riodes d\u2019examens. Gr\u00e2ce aux montres connect\u00e9es et aux applications de sant\u00e9, il est aujourd\u2019hui possible d\u2019observer directement comment le corps r\u00e9agit \u00e0 ces moments de tension. Parmi les indicateurs les plus utiles, la variabilit\u00e9 de la fr\u00e9quence cardiaque&hellip;<\/p>\n<\/div>\n<\/div><\/div><\/div><div class=\"vce-posts-grid-item\"><div class=\"vce-post-description vce-post-description--full\"><a href=\"https:\/\/www.liad-alger.fr\/etincelle-liadoise\/visual-composer-2203\/\" class=\"vce-post-grid-with-hover-button--link\"><\/a><div class=\"vce-post-grid-with-hover-button--image vce-post-grid-with-hover-button-aspect-ratio--4-3\" style=\"background-image:url(https:\/\/www.liad-alger.fr\/etincelle-liadoise\/wp-content\/uploads\/2026\/03\/grece.jpeg)\"><div class=\"vce-post-grid-with-hover-button--image-overlay vce-post-grid-with-hover-button--image-overlay-background-color-00000066 vce-post-grid-with-hover-button--image-overlay-position-center-center vce-post-grid-with-hover-button--image-overlay-padding--8\"><div class=\"vce-button--style-outline-container vce-button--style-outline-container--align-left\"><span class=\"vce-button--style-outline-wrapper vce\" id=\"el-d18bd875\" data-vce-do-apply=\"margin el-d18bd875\"><button class=\"vce-button--style-outline-animated vce-button--style-outline--border-square vce-button--style-outline--size-medium vce-button--style-outline-animated--color-fff--fff--3d3d3d vce-button--style-outline-animated--border-color-fff--3d3d3d vce-button--style-outline-animated--background-color-3d3d3d\" data-vce-do-apply=\"padding border background  el-d18bd875\"><span class=\"vce-button--style-outline-text\">Lire Plus <\/span><\/button><\/span><\/div><\/div><\/div><div class=\"vce-post-grid-with-hover-button-description vce-post-grid-with-hover-button--excerpt-color-6A6A6A vce-post-grid-with-hover-button-description-position--left\"><span class=\"vce-post-grid-with-hover-button-date vce-post-grid-with-hover-button--date-color-D7DFE4\">2026-03-30 20:34:33<\/span><h3 class=\"vce-post-grid-with-hover-button-title vce-post-grid-with-hover-button--title-color-b-0-97-160\">Une semaine en Gr\u00e8ce avec le groupe de latin et  de th\u00e9\u00e2tre<\/h3><div class=\"vce-post-description--excerpt\"><p>Nous revenons de Gr\u00e8ce, la t\u00eate emplie de souvenirs, et le c\u0153ur plein de bonheur, pouss\u00e9s par un d\u00e9sir de partager cette merveilleuse aventure. Pendant la semaine du 11 au 17 octobre, nous, \u00e9l\u00e8ves de terminale de l\u2019option th\u00e9\u00e2tre et latin, avons plong\u00e9 au sein de la culture grecque, en d\u00e9couvrant des lieux mythiques, en&hellip;<\/p>\n<\/div>\n<\/div><\/div><\/div><div class=\"vce-posts-grid-item\"><div class=\"vce-post-description vce-post-description--full\"><a href=\"https:\/\/www.liad-alger.fr\/etincelle-liadoise\/episode-1-les-etincelles-de-la-table-ronde-interrogent-limpact-de-la-societe-sur\/\" class=\"vce-post-grid-with-hover-button--link\"><\/a><div class=\"vce-post-grid-with-hover-button--image vce-post-grid-with-hover-button-aspect-ratio--4-3\" style=\"background-image:url(https:\/\/www.liad-alger.fr\/etincelle-liadoise\/wp-content\/uploads\/2024\/05\/Sans-titre-1312.png)\"><div class=\"vce-post-grid-with-hover-button--image-overlay vce-post-grid-with-hover-button--image-overlay-background-color-00000066 vce-post-grid-with-hover-button--image-overlay-position-center-center vce-post-grid-with-hover-button--image-overlay-padding--8\"><div class=\"vce-button--style-outline-container vce-button--style-outline-container--align-left\"><span class=\"vce-button--style-outline-wrapper vce\" id=\"el-d18bd875\" data-vce-do-apply=\"margin el-d18bd875\"><button class=\"vce-button--style-outline-animated vce-button--style-outline--border-square vce-button--style-outline--size-medium vce-button--style-outline-animated--color-fff--fff--3d3d3d vce-button--style-outline-animated--border-color-fff--3d3d3d vce-button--style-outline-animated--background-color-3d3d3d\" data-vce-do-apply=\"padding border background  el-d18bd875\"><span class=\"vce-button--style-outline-text\">Lire Plus <\/span><\/button><\/span><\/div><\/div><\/div><div class=\"vce-post-grid-with-hover-button-description vce-post-grid-with-hover-button--excerpt-color-6A6A6A vce-post-grid-with-hover-button-description-position--left\"><span class=\"vce-post-grid-with-hover-button-date vce-post-grid-with-hover-button--date-color-D7DFE4\">2024-06-17 23:47:27<\/span><h3 class=\"vce-post-grid-with-hover-button-title vce-post-grid-with-hover-button--title-color-b-0-97-160\">Episode 1 \/ Les \u00c9tincelles de la Table Ronde interrogent l&#039;impact de la soci\u00e9t\u00e9 sur...<\/h3><div class=\"vce-post-description--excerpt\"><p>Avant d&rsquo;\u00e9couter ce podcast et de lire ce court article, nous vous encourageons \u00e0 aller voir le micro-trottoir d&rsquo;introduction au sujet !&nbsp; Pour cela, rendez-vous sur la page instagram @letincelle_liadoise !&nbsp;Episode 1 des \u00c9tincelles de la Table Ronde &#8211; L&rsquo;impact de la soci\u00e9t\u00e9 sur notre perception de la sant\u00e9 mentale masculine&nbsp;\u00c9coute le podcast ici !&nbsp;Il&hellip;<\/p>\n<\/div>\n<\/div><\/div><\/div><div class=\"vce-posts-grid-item\"><div class=\"vce-post-description vce-post-description--full\"><a href=\"https:\/\/www.liad-alger.fr\/etincelle-liadoise\/qui-est-khaled-drareni\/\" class=\"vce-post-grid-with-hover-button--link\"><\/a><div class=\"vce-post-grid-with-hover-button--image vce-post-grid-with-hover-button-aspect-ratio--4-3\" style=\"background-image:url(https:\/\/www.liad-alger.fr\/etincelle-liadoise\/wp-content\/uploads\/2024\/05\/IMG_0494-scaled.jpg)\"><div class=\"vce-post-grid-with-hover-button--image-overlay vce-post-grid-with-hover-button--image-overlay-background-color-00000066 vce-post-grid-with-hover-button--image-overlay-position-center-center vce-post-grid-with-hover-button--image-overlay-padding--8\"><div class=\"vce-button--style-outline-container vce-button--style-outline-container--align-left\"><span class=\"vce-button--style-outline-wrapper vce\" id=\"el-d18bd875\" data-vce-do-apply=\"margin el-d18bd875\"><button class=\"vce-button--style-outline-animated vce-button--style-outline--border-square vce-button--style-outline--size-medium vce-button--style-outline-animated--color-fff--fff--3d3d3d vce-button--style-outline-animated--border-color-fff--3d3d3d vce-button--style-outline-animated--background-color-3d3d3d\" data-vce-do-apply=\"padding border background  el-d18bd875\"><span class=\"vce-button--style-outline-text\">Lire Plus <\/span><\/button><\/span><\/div><\/div><\/div><div class=\"vce-post-grid-with-hover-button-description vce-post-grid-with-hover-button--excerpt-color-6A6A6A vce-post-grid-with-hover-button-description-position--left\"><span class=\"vce-post-grid-with-hover-button-date vce-post-grid-with-hover-button--date-color-D7DFE4\">2024-05-21 22:52:04<\/span><h3 class=\"vce-post-grid-with-hover-button-title vce-post-grid-with-hover-button--title-color-b-0-97-160\">Qui est Khaled Drareni ?<\/h3><div class=\"vce-post-description--excerpt\"><p>Le 18 mars 2024, \u00e0 l\u2019occasion de la Semaine de la presse, Selma Dahmani, Youcef El Hussein Faraoun et Souka\u00efna Fiat, membres de l&rsquo;\u00c9tincelle Liadoise, ont \u00e9t\u00e9 invit\u00e9s \u00e0 faire la rencontre de Khaled Drareni, journaliste depuis 2006, et \u00e0 l\u2019heure actuelle repr\u00e9sentant de l&rsquo;ONG Reporters sans fronti\u00e8res pour l&rsquo;Afrique du Nord.Vous ne le connaissez&hellip;<\/p>\n<\/div>\n<\/div><\/div><\/div><\/div><\/div><\/div><\/div><\/div><\/div><\/div><\/div><\/div><div class=\"vce-row-container\" data-vce-boxed-width=\"true\"><div class=\"vce-row vce-row--col-gap-30 vce-row-equal-height vce-row-columns--top vce-row-content--top\" id=\"el-d0e2e4bb\" data-vce-do-apply=\"all el-d0e2e4bb\"><div class=\"vce-row-content\" data-vce-element-content=\"true\"><div class=\"vce-col vce-col--md-auto vce-col--xs-1 vce-col--xs-last vce-col--xs-first vce-col--sm-last vce-col--sm-first vce-col--md-last vce-col--lg-last vce-col--xl-last vce-col--md-first vce-col--lg-first vce-col--xl-first\" id=\"el-d34461be\"><div class=\"vce-col-inner\" data-vce-do-apply=\"border margin background  el-d34461be\"><div class=\"vce-col-content\" data-vce-element-content=\"true\" data-vce-do-apply=\"padding el-d34461be\"><\/div><\/div><\/div><\/div><\/div><\/div>\n","protected":false},"excerpt":{"rendered":"<p>LIAD<\/p>\n","protected":false},"author":1,"featured_media":0,"parent":0,"menu_order":0,"comment_status":"closed","ping_status":"closed","template":"","meta":{"_acf_changed":false,"footnotes":""},"class_list":["post-240","page","type-page","status-publish","hentry"],"acf":[],"_links":{"self":[{"href":"https:\/\/www.liad-alger.fr\/etincelle-liadoise\/wp-json\/wp\/v2\/pages\/240","targetHints":{"allow":["GET"]}}],"collection":[{"href":"https:\/\/www.liad-alger.fr\/etincelle-liadoise\/wp-json\/wp\/v2\/pages"}],"about":[{"href":"https:\/\/www.liad-alger.fr\/etincelle-liadoise\/wp-json\/wp\/v2\/types\/page"}],"author":[{"embeddable":true,"href":"https:\/\/www.liad-alger.fr\/etincelle-liadoise\/wp-json\/wp\/v2\/users\/1"}],"replies":[{"embeddable":true,"href":"https:\/\/www.liad-alger.fr\/etincelle-liadoise\/wp-json\/wp\/v2\/comments?post=240"}],"version-history":[{"count":9,"href":"https:\/\/www.liad-alger.fr\/etincelle-liadoise\/wp-json\/wp\/v2\/pages\/240\/revisions"}],"predecessor-version":[{"id":1227,"href":"https:\/\/www.liad-alger.fr\/etincelle-liadoise\/wp-json\/wp\/v2\/pages\/240\/revisions\/1227"}],"wp:attachment":[{"href":"https:\/\/www.liad-alger.fr\/etincelle-liadoise\/wp-json\/wp\/v2\/media?parent=240"}],"curies":[{"name":"wp","href":"https:\/\/api.w.org\/{rel}","templated":true}]}}